{"id":21313,"date":"2023-08-31T16:00:09","date_gmt":"2023-08-31T16:00:09","guid":{"rendered":"https:\/\/vps95228.inmotionhosting.com\/?page_id=21313"},"modified":"2023-10-08T12:58:58","modified_gmt":"2023-10-08T05:58:58","slug":"about-us","status":"publish","type":"page","link":"https:\/\/windmillpattaya.com\/da\/om-os\/","title":{"rendered":"Om os"},"content":{"rendered":"<div data-elementor-type=\"wp-page\" data-elementor-id=\"21313\" class=\"elementor elementor-21313\" data-elementor-post-type=\"page\">\n\t\t\t\t<div class=\"elementor-element elementor-element-37f9c62 e-flex e-con-boxed e-con e-parent\" data-id=\"37f9c62\" data-element_type=\"container\">\n\t\t\t\t\t<div class=\"e-con-inner\">\n\t\t<div class=\"elementor-element elementor-element-f63f2c3 e-flex e-con-boxed e-con e-child\" data-id=\"f63f2c3\" data-element_type=\"container\">\n\t\t\t\t\t<div class=\"e-con-inner\">\n\t\t\t\t<div class=\"elementor-element elementor-element-0f582c2 elementor-headline--style-highlight elementor-widget elementor-widget-animated-headline\" data-id=\"0f582c2\" data-element_type=\"widget\" data-settings=\"{&quot;highlighted_text&quot;:&quot;Attitude&quot;,&quot;headline_style&quot;:&quot;highlight&quot;,&quot;marker&quot;:&quot;circle&quot;,&quot;loop&quot;:&quot;yes&quot;,&quot;highlight_animation_duration&quot;:1200,&quot;highlight_iteration_delay&quot;:8000}\" data-widget_type=\"animated-headline.default\">\n\t\t\t\t<div class=\"elementor-widget-container\">\n\t\t\t<link rel=\"stylesheet\" href=\"http:\/\/windmillpattaya.com\/wp-content\/plugins\/elementor-pro\/assets\/css\/widget-animated-headline.min.css\">\t\t<h3 class=\"elementor-headline\">\n\t\t\t\t\t<span class=\"elementor-headline-plain-text elementor-headline-text-wrapper\">Fisse uden <\/span>\n\t\t\t\t<span class=\"elementor-headline-dynamic-wrapper elementor-headline-text-wrapper\">\n\t\t\t\t\t<span class=\"elementor-headline-dynamic-text elementor-headline-text-active\">Holdning<\/span>\n\t\t\t\t<\/span>\n\t\t\t\t\t<span class=\"elementor-headline-plain-text elementor-headline-text-wrapper\">Windmill Club A Go go<\/span>\n\t\t\t\t\t<\/h3>\n\t\t\t\t<\/div>\n\t\t\t\t<\/div>\n\t\t\t\t<div class=\"elementor-element elementor-element-c2c5f71 elementor-widget elementor-widget-text-editor\" data-id=\"c2c5f71\" data-element_type=\"widget\" data-widget_type=\"text-editor.default\">\n\t\t\t\t<div class=\"elementor-widget-container\">\n\t\t\t<style>\/*! elementor - v3.22.0 - 24-06-2024 *\/\n.elementor-widget-text-editor.elementor-drop-cap-view-stacked .elementor-drop-cap{background-color:#69727d;color:#fff}.elementor-widget-text-editor.elementor-drop-cap-view-framed .elementor-drop-cap{color:#69727d;border:3px solid;background-color:transparent}.elementor-widget-text-editor:not(.elementor-drop-cap-view-default) .elementor-drop-cap{margin-top:8px}.elementor-widget-text-editor:not(.elementor-drop-cap-view-default) .elementor-drop-cap-letter{width:1em;height:1em}.elementor-widget-text-editor .elementor-drop-cap{float:left;text-align:center;line-height:1;font-size:50px}.elementor-widget-text-editor .elementor-drop-cap-letter{display:inline-block}<\/style>\t\t\t\t<section class=\"elementor-section elementor-top-section elementor-element elementor-element-6dbeaed8 elementor-section-boxed elementor-section-height-default elementor-section-height-default\" data-id=\"6dbeaed8\" data-element_type=\"section\" data-settings=\"{&quot;background_background&quot;:&quot;classic&quot;}\"><div class=\"elementor-container elementor-column-gap-default\"><div class=\"elementor-column elementor-col-100 elementor-top-column elementor-element elementor-element-4a7b6ecc\" data-id=\"4a7b6ecc\" data-element_type=\"column\"><div class=\"elementor-widget-wrap elementor-element-populated\"><div class=\"elementor-element elementor-element-eec9709 elementor-widget elementor-widget-text-editor\" data-id=\"eec9709\" data-element_type=\"widget\" data-widget_type=\"text-editor.default\"><div class=\"elementor-widget-container\"><p>OM VINDM\u00d8LLE<br \/>Velkommen til Windmill A gogo bar, soi Diamond ved Walking Street Pattaya, Thailand. Windmill er kendt for at v\u00e6re den fr\u00e6kkeste A gogo bar i Walking Street.<\/p><p>En fantastisk gogo bar til at m\u00f8de en sexet thailandsk pige af dine dr\u00f8mme. Vores filosofi er enkel, vi driver en fantastisk klub og kan lide at have det sjovt. Vores motto &quot;fisse uden attitude&quot;.<\/p><p>Siden 2004 har vi konsekvent v\u00e6ret en af de bedste A gogo-barer i Pattaya by. Men tag ikke vores ord for det, l\u00e6s de uafh\u00e6ngigt skrevne udtalelser fra mange af vores kunder, som anbefaler os til deres venner og kommer tilbage for mere gang p\u00e5 gang.<\/p><p>Vores bar er 100% ejet og drevet af vesterl\u00e6ndinge, s\u00e5 hvis du har et problem med en pige, et medlem af personalet eller en regning, s\u00e5 lad os det vide. Vores vestlige ledelse taler ogs\u00e5 thai.<\/p><p>I vindm\u00f8lleklubben har vi 8 store sk\u00e6rme p\u00e5 to etager, der viser live sport fra thailandsk satellit-tv og uk-baseret skysport.<\/p><p>S\u00e5 du vil aldrig g\u00e5 glip af noget af action fra alle dine foretrukne sportsbegivenheder. Inde i klubben er der 4 &quot;legescene&quot; omr\u00e5der og et konstant bruseshow. V\u00e6r venligst advaret, hvad der foreg\u00e5r her er verdensber\u00f8mt, og vi f\u00e5r meget travlt, med begr\u00e6nsede siddepladser, kom venligst tidligt for at undg\u00e5 skuffelse. Ringer du p\u00e5 tequilaklokken i vindm\u00f8lleklubben, f\u00e5r du ikke en grim overraskelse, n\u00e5r regningen kommer.<\/p><p>Det er kun 4.000 baht at k\u00f8be en flaske til pigerne. Det er en fantastisk m\u00e5de at f\u00e5 pigerne til at skrige. Du kan ogs\u00e5 v\u00e6re en skarp skytte med 10 B52&#039;er eller Sambuca&#039;er for 1200 baht. Vi er stolte af at have nogle af de mest sexede A gogo-dansere i hele Thailand, der arbejder for os. Vores piger er udvalgt for deres flotte udseende og evne til at interagere med kunderne.<\/p><p>Faktisk tager vores piger interaktion til et nyt niveau. Bes\u00f8g os for at se hvordan. Glem ikke vores motto &quot;fisse uden attitude&quot;. Hvis du har problemer med vores piger, er du velkommen til at tale med vores thailandske mamasang, som vil l\u00f8se eventuelle problemer.<\/p><p>Se hvilke dejlige dansere vi har i \u00f8jeblikket Se vores dejlige og sexede dansere og servicepersonale. Se, om du kender nogen eller gerne vil l\u00e6re nogle af dem at kende \u2013 og s\u00f8rg for at vende tilbage ofte, for at se vores nye damer hele tiden. L\u00e6s mere Hvorfor Vindm\u00f8lleklubben?\u00a0<a href=\"https:\/\/www.facebook.com\/WindmillClubPattaya\">Se her<\/a>, og se hvorfor!<\/p><\/div><\/div><\/div><\/div><\/div><\/section><section class=\"elementor-section elementor-top-section elementor-element elementor-element-aba6916 elementor-section-boxed elementor-section-height-default elementor-section-height-default\" data-id=\"aba6916\" data-element_type=\"section\"><div class=\"elementor-container elementor-column-gap-default\"><div class=\"elementor-column elementor-col-100 elementor-top-column elementor-element elementor-element-fd61e84\" data-id=\"fd61e84\" data-element_type=\"column\"><div class=\"elementor-widget-wrap elementor-element-populated\"><div class=\"elementor-element elementor-element-394609d elementor-widget elementor-widget-html\" data-id=\"394609d\" data-element_type=\"widget\" data-widget_type=\"html.default\"><div class=\"elementor-widget-container\"><div class=\"ti-widget ti-goog\" data-layout-id=\"12\" data-set-id=\"drop-shadow\" data-pid=\"b5167179c03e50ec942cb\"><div class=\"ti-widget-container\"><div class=\"ti-large-logo\"><div class=\"ti-v-center\">\u00a0<\/div><\/div><\/div><\/div><\/div><\/div><\/div><\/div><\/div><\/section>\t\t\t\t\t\t<\/div>\n\t\t\t\t<\/div>\n\t\t\t\t\t<\/div>\n\t\t\t\t<\/div>\n\t\t\t\t\t<\/div>\n\t\t\t\t<\/div>\n\t\t\t\t<\/div>","protected":false},"excerpt":{"rendered":"<p>Pussy without Attitude Windmill Club A Go go OM WINDMILLVelkommen til Windmill A gogo bar, soi Diamond ved Walking Street Pattaya, Thailand. Windmill er kendt for at v\u00e6re den fr\u00e6kkeste A gogo bar i Walking Street. En fantastisk gogo bar til at m\u00f8de en sexet thailandsk pige af dine dr\u00f8mme. Vores filosofi er enkel, vi k\u00f8rer [\u2026]<\/p>","protected":false},"author":1,"featured_media":0,"parent":0,"menu_order":0,"comment_status":"closed","ping_status":"closed","template":"","meta":{"footnotes":""},"class_list":["post-21313","page","type-page","status-publish","hentry"],"_links":{"self":[{"href":"https:\/\/windmillpattaya.com\/da\/wp-json\/wp\/v2\/pages\/21313"}],"collection":[{"href":"https:\/\/windmillpattaya.com\/da\/wp-json\/wp\/v2\/pages"}],"about":[{"href":"https:\/\/windmillpattaya.com\/da\/wp-json\/wp\/v2\/types\/page"}],"author":[{"embeddable":true,"href":"https:\/\/windmillpattaya.com\/da\/wp-json\/wp\/v2\/users\/1"}],"replies":[{"embeddable":true,"href":"https:\/\/windmillpattaya.com\/da\/wp-json\/wp\/v2\/comments?post=21313"}],"version-history":[{"count":0,"href":"https:\/\/windmillpattaya.com\/da\/wp-json\/wp\/v2\/pages\/21313\/revisions"}],"wp:attachment":[{"href":"https:\/\/windmillpattaya.com\/da\/wp-json\/wp\/v2\/media?parent=21313"}],"curies":[{"name":"wp","href":"https:\/\/api.w.org\/{rel}","templated":true}]}}