{"id":21313,"date":"2023-08-31T16:00:09","date_gmt":"2023-08-31T16:00:09","guid":{"rendered":"https:\/\/vps95228.inmotionhosting.com\/?page_id=21313"},"modified":"2023-10-08T12:58:58","modified_gmt":"2023-10-08T05:58:58","slug":"about-us","status":"publish","type":"page","link":"https:\/\/windmillpattaya.com\/de\/uber-uns\/","title":{"rendered":"\u00dcber uns"},"content":{"rendered":"<div data-elementor-type=\"wp-page\" data-elementor-id=\"21313\" class=\"elementor elementor-21313\" data-elementor-post-type=\"page\">\n\t\t\t\t<div class=\"elementor-element elementor-element-37f9c62 e-flex e-con-boxed e-con e-parent\" data-id=\"37f9c62\" data-element_type=\"container\">\n\t\t\t\t\t<div class=\"e-con-inner\">\n\t\t<div class=\"elementor-element elementor-element-f63f2c3 e-flex e-con-boxed e-con e-child\" data-id=\"f63f2c3\" data-element_type=\"container\">\n\t\t\t\t\t<div class=\"e-con-inner\">\n\t\t\t\t<div class=\"elementor-element elementor-element-0f582c2 elementor-headline--style-highlight elementor-widget elementor-widget-animated-headline\" data-id=\"0f582c2\" data-element_type=\"widget\" data-settings=\"{&quot;highlighted_text&quot;:&quot;Attitude&quot;,&quot;headline_style&quot;:&quot;highlight&quot;,&quot;marker&quot;:&quot;circle&quot;,&quot;loop&quot;:&quot;yes&quot;,&quot;highlight_animation_duration&quot;:1200,&quot;highlight_iteration_delay&quot;:8000}\" data-widget_type=\"animated-headline.default\">\n\t\t\t\t<div class=\"elementor-widget-container\">\n\t\t\t<link rel=\"stylesheet\" href=\"http:\/\/windmillpattaya.com\/wp-content\/plugins\/elementor-pro\/assets\/css\/widget-animated-headline.min.css\">\t\t<h3 class=\"elementor-headline\">\n\t\t\t\t\t<span class=\"elementor-headline-plain-text elementor-headline-text-wrapper\">Muschi ohne <\/span>\n\t\t\t\t<span class=\"elementor-headline-dynamic-wrapper elementor-headline-text-wrapper\">\n\t\t\t\t\t<span class=\"elementor-headline-dynamic-text elementor-headline-text-active\">Attit\u00fcde<\/span>\n\t\t\t\t<\/span>\n\t\t\t\t\t<span class=\"elementor-headline-plain-text elementor-headline-text-wrapper\">Windmill Club A Go go<\/span>\n\t\t\t\t\t<\/h3>\n\t\t\t\t<\/div>\n\t\t\t\t<\/div>\n\t\t\t\t<div class=\"elementor-element elementor-element-c2c5f71 elementor-widget elementor-widget-text-editor\" data-id=\"c2c5f71\" data-element_type=\"widget\" data-widget_type=\"text-editor.default\">\n\t\t\t\t<div class=\"elementor-widget-container\">\n\t\t\t<style>\/*! elementor - v3.22.0 - 24-06-2024 *\/\n.elementor-widget-text-editor.elementor-drop-cap-view-stacked .elementor-drop-cap{background-color:#69727d;color:#fff}.elementor-widget-text-editor.elementor-drop-cap-view-framed .elementor-drop-cap{color:#69727d;border:3px solid;background-color:transparent}.elementor-widget-text-editor:not(.elementor-drop-cap-view-default) .elementor-drop-cap{margin-top:8px}.elementor-widget-text-editor:not(.elementor-drop-cap-view-default) .elementor-drop-cap-letter{width:1em;height:1em}.elementor-widget-text-editor .elementor-drop-cap{float:left;text-align:center;line-height:1;font-size:50px}.elementor-widget-text-editor .elementor-drop-cap-letter{display:inline-block}<\/style>\t\t\t\t<section class=\"elementor-section elementor-top-section elementor-element elementor-element-6dbeaed8 elementor-section-boxed elementor-section-height-default elementor-section-height-default\" data-id=\"6dbeaed8\" data-element_type=\"section\" data-settings=\"{&quot;background_background&quot;:&quot;classic&quot;}\"><div class=\"elementor-container elementor-column-gap-default\"><div class=\"elementor-column elementor-col-100 elementor-top-column elementor-element elementor-element-4a7b6ecc\" data-id=\"4a7b6ecc\" data-element_type=\"column\"><div class=\"elementor-widget-wrap elementor-element-populated\"><div class=\"elementor-element elementor-element-eec9709 elementor-widget elementor-widget-text-editor\" data-id=\"eec9709\" data-element_type=\"widget\" data-widget_type=\"text-editor.default\"><div class=\"elementor-widget-container\"><p>\u00dcBER WINDM\u00dcHLE<br \/>Willkommen in der Gogo-Bar Windmill A, Soi Diamond an der Walking Street in Pattaya, Thailand. Windmill gilt als die frechste A-Gogo-Bar in der Walking Street.<\/p><p>Eine tolle Gogo-Bar, um das sexy Thai-M\u00e4dchen Ihrer Tr\u00e4ume zu treffen. Unsere Philosophie ist einfach: Wir leiten einen tollen Club und haben gerne Spa\u00df. Unser Motto \u201eMuschi ohne Attit\u00fcde\u201c.<\/p><p>Seit 2004 sind wir stets eine der besten Gogo-Bars in Pattaya. Aber vertrauen Sie uns nicht beim Wort, lesen Sie die unabh\u00e4ngig verfassten Erfahrungsberichte vieler unserer Kunden, die uns ihren Freunden weiterempfehlen und immer wieder zur\u00fcckkommen.<\/p><p>Unsere Bar ist 100% im Besitz von Westlern und wird von ihnen betrieben. Wenn Sie also ein Problem mit einem M\u00e4dchen, einem Mitarbeiter oder einer Rechnung haben, lassen Sie es uns wissen. Auch unser westliches Management spricht Thail\u00e4ndisch.<\/p><p>Im Windmill Club verf\u00fcgen wir \u00fcber 8 gro\u00dfe Bildschirme auf zwei Etagen, auf denen Live-Sport vom thail\u00e4ndischen Satellitenfernsehen und Sky Sports aus Gro\u00dfbritannien \u00fcbertragen wird.<\/p><p>So verpassen Sie nichts von der Action Ihrer Lieblingssportveranstaltungen. Im Club gibt es 4 \u201eSpielb\u00fchnen\u201c-Bereiche und eine st\u00e4ndige Duschshow. Bitte seien Sie gewarnt, das, was hier passiert, ist weltber\u00fchmt und wir sind sehr voll. Da die Sitzpl\u00e4tze begrenzt sind, kommen Sie bitte fr\u00fch, um Entt\u00e4uschungen zu vermeiden. Wenn Sie im Windmill Club die Tequila-Glocke l\u00e4uten, erleben Sie keine b\u00f6se \u00dcberraschung, wenn die Rechnung kommt.<\/p><p>Es kostet nur 4.000 Baht, den M\u00e4dchen eine Flasche zu kaufen. Es ist eine gro\u00dfartige M\u00f6glichkeit, die M\u00e4dchen zum Schreien zu bringen. Sie k\u00f6nnen auch mit 10 B52 oder Sambuca f\u00fcr 1200 Baht ein scharfer Sch\u00fctze sein. Wir sind stolz darauf, dass einige der attraktivsten A-Gogo-T\u00e4nzerinnen in ganz Thailand f\u00fcr uns arbeiten. Unsere M\u00e4dchen werden aufgrund ihres guten Aussehens und ihrer F\u00e4higkeit, mit den Kunden zu interagieren, ausgew\u00e4hlt.<\/p><p>Tats\u00e4chlich bringen unsere M\u00e4dchen die Interaktion auf eine neue Ebene. Besuchen Sie uns und erfahren Sie, wie das geht. Vergessen Sie nicht unser Motto \u201eMuschi ohne Haltung\u201c. Wenn Sie Probleme mit unseren M\u00e4dchen haben, k\u00f6nnen Sie gerne mit unserer thail\u00e4ndischen Mamasang sprechen, die alle Probleme l\u00f6sen wird.<\/p><p>Sehen Sie, welche tollen T\u00e4nzerinnen wir derzeit haben. Sehen Sie sich unsere tollen und sexy T\u00e4nzerinnen und unser Servicepersonal an. Sehen Sie nach, ob Sie jemanden kennen oder einige von ihnen kennenlernen m\u00f6chten \u2013 und schauen Sie regelm\u00e4\u00dfig vorbei, um unsere neuen Damen jederzeit zu sehen. Weiterlesen Warum The Windmill Club?\u00a0<a href=\"https:\/\/www.facebook.com\/WindmillClubPattaya\">Schau hier<\/a>, und sehen Sie warum!<\/p><\/div><\/div><\/div><\/div><\/div><\/section><section class=\"elementor-section elementor-top-section elementor-element elementor-element-aba6916 elementor-section-boxed elementor-section-height-default elementor-section-height-default\" data-id=\"aba6916\" data-element_type=\"section\"><div class=\"elementor-container elementor-column-gap-default\"><div class=\"elementor-column elementor-col-100 elementor-top-column elementor-element elementor-element-fd61e84\" data-id=\"fd61e84\" data-element_type=\"column\"><div class=\"elementor-widget-wrap elementor-element-populated\"><div class=\"elementor-element elementor-element-394609d elementor-widget elementor-widget-html\" data-id=\"394609d\" data-element_type=\"widget\" data-widget_type=\"html.default\"><div class=\"elementor-widget-container\"><div class=\"ti-widget ti-goog\" data-layout-id=\"12\" data-set-id=\"drop-shadow\" data-pid=\"b5167179c03e50ec942cb\"><div class=\"ti-widget-container\"><div class=\"ti-large-logo\"><div class=\"ti-v-center\">\u00a0<\/div><\/div><\/div><\/div><\/div><\/div><\/div><\/div><\/div><\/section>\t\t\t\t\t\t<\/div>\n\t\t\t\t<\/div>\n\t\t\t\t\t<\/div>\n\t\t\t\t<\/div>\n\t\t\t\t\t<\/div>\n\t\t\t\t<\/div>\n\t\t\t\t<\/div>","protected":false},"excerpt":{"rendered":"<p>Pussy without Attitude Windmill Club A Go go \u00dcBER WINDMILLWillkommen in der Gogo-Bar Windmill A, Soi Diamond an der Walking Street Pattaya, Thailand. Windmill gilt als die frechste A-Gogo-Bar in der Walking Street. Eine tolle Gogo-Bar, um das sexy Thai-M\u00e4dchen Ihrer Tr\u00e4ume zu treffen. Unsere Philosophie ist einfach: Wir betreiben [\u2026]<\/p>","protected":false},"author":1,"featured_media":0,"parent":0,"menu_order":0,"comment_status":"closed","ping_status":"closed","template":"","meta":{"footnotes":""},"class_list":["post-21313","page","type-page","status-publish","hentry"],"_links":{"self":[{"href":"https:\/\/windmillpattaya.com\/de\/wp-json\/wp\/v2\/pages\/21313"}],"collection":[{"href":"https:\/\/windmillpattaya.com\/de\/wp-json\/wp\/v2\/pages"}],"about":[{"href":"https:\/\/windmillpattaya.com\/de\/wp-json\/wp\/v2\/types\/page"}],"author":[{"embeddable":true,"href":"https:\/\/windmillpattaya.com\/de\/wp-json\/wp\/v2\/users\/1"}],"replies":[{"embeddable":true,"href":"https:\/\/windmillpattaya.com\/de\/wp-json\/wp\/v2\/comments?post=21313"}],"version-history":[{"count":0,"href":"https:\/\/windmillpattaya.com\/de\/wp-json\/wp\/v2\/pages\/21313\/revisions"}],"wp:attachment":[{"href":"https:\/\/windmillpattaya.com\/de\/wp-json\/wp\/v2\/media?parent=21313"}],"curies":[{"name":"wp","href":"https:\/\/api.w.org\/{rel}","templated":true}]}}