{"id":21861,"date":"2023-09-01T14:28:50","date_gmt":"2023-09-01T14:28:50","guid":{"rendered":"http:\/\/windmillpattaya.com\/?page_id=21861"},"modified":"2023-09-01T14:28:50","modified_gmt":"2023-09-01T14:28:50","slug":"work-in-progress","status":"publish","type":"page","link":"https:\/\/windmillpattaya.com\/de\/in-arbeit\/","title":{"rendered":"in Arbeit"},"content":{"rendered":"<blockquote class=\"wp-block-quote is-layout-flow wp-block-quote-is-layout-flow\">\n<p>Wir haben nie geschlossen \u2026 aber wir aktualisieren unsere Website!<\/p>\n<cite>Windm\u00fchlenteam <\/cite><\/blockquote>\n\n\n\n<p>Unser Club ist nat\u00fcrlich ge\u00f6ffnet! Jeden Tag von 19 Uhr bis sp\u00e4t in die Nacht\u2026\u00a0<br>Soi Diamond \u2013 Pattaya<\/p>\n\n\n\n<figure class=\"wp-block-gallery has-nested-images columns-default is-cropped wp-block-gallery-1 is-layout-flex wp-block-gallery-is-layout-flex\">\n<figure class=\"wp-block-image size-large\"><img decoding=\"async\" data-id=\"21445\" src=\"http:\/\/windmillpattaya.com\/wp-content\/uploads\/2023\/09\/IMG_2218-crop-768x1024.jpg\" alt=\"\" class=\"wp-image-21445\"\/><\/figure>\n\n\n\n<figure class=\"wp-block-image size-large\"><img decoding=\"async\" data-id=\"21444\" src=\"http:\/\/windmillpattaya.com\/wp-content\/uploads\/2023\/09\/IMG_2268-crop-768x1024.jpg\" alt=\"\" class=\"wp-image-21444\"\/><\/figure>\n\n\n\n<figure class=\"wp-block-image size-large\"><img decoding=\"async\" data-id=\"21443\" src=\"http:\/\/windmillpattaya.com\/wp-content\/uploads\/2023\/09\/IMG_2297-crop-768x1024.jpg\" alt=\"\" class=\"wp-image-21443\"\/><\/figure>\n\n\n\n<figure class=\"wp-block-image size-large\"><img decoding=\"async\" data-id=\"21442\" src=\"http:\/\/windmillpattaya.com\/wp-content\/uploads\/2023\/09\/IMG_2321-crop-768x1024.jpg\" alt=\"\" class=\"wp-image-21442\"\/><\/figure>\n\n\n\n<figure class=\"wp-block-image size-large\"><img decoding=\"async\" data-id=\"21441\" src=\"http:\/\/windmillpattaya.com\/wp-content\/uploads\/2023\/09\/IMG_2333-crop-768x1024.jpg\" alt=\"\" class=\"wp-image-21441\"\/><\/figure>\n\n\n\n<figure class=\"wp-block-image size-large\"><img decoding=\"async\" data-id=\"21440\" src=\"http:\/\/windmillpattaya.com\/wp-content\/uploads\/2023\/09\/IMG_2371-crop-768x1024.jpg\" alt=\"\" class=\"wp-image-21440\"\/><\/figure>\n\n\n\n<figure class=\"wp-block-image size-large\"><img decoding=\"async\" data-id=\"21439\" src=\"http:\/\/windmillpattaya.com\/wp-content\/uploads\/2023\/09\/IMG_2402-crop-768x1024.jpg\" alt=\"\" class=\"wp-image-21439\"\/><\/figure>\n\n\n\n<figure class=\"wp-block-image size-large\"><img decoding=\"async\" data-id=\"21438\" src=\"http:\/\/windmillpattaya.com\/wp-content\/uploads\/2023\/09\/IMG_2413-crop-768x1024.jpg\" alt=\"\" class=\"wp-image-21438\"\/><\/figure>\n\n\n\n<figure class=\"wp-block-image size-large\"><img decoding=\"async\" data-id=\"21437\" src=\"http:\/\/windmillpattaya.com\/wp-content\/uploads\/2023\/09\/IMG_2441-crop-768x1024.jpg\" alt=\"\" class=\"wp-image-21437\"\/><\/figure>\n\n\n\n<figure class=\"wp-block-image size-large\"><img decoding=\"async\" data-id=\"21436\" src=\"http:\/\/windmillpattaya.com\/wp-content\/uploads\/2023\/09\/IMG_2443-crop-768x1024.jpg\" alt=\"\" class=\"wp-image-21436\"\/><\/figure>\n\n\n\n<figure class=\"wp-block-image size-large\"><img decoding=\"async\" data-id=\"21435\" src=\"http:\/\/windmillpattaya.com\/wp-content\/uploads\/2023\/09\/IMG_2443-crop2-768x1024.jpg\" alt=\"\" class=\"wp-image-21435\"\/><\/figure>\n\n\n\n<figure class=\"wp-block-image size-large\"><img decoding=\"async\" data-id=\"21434\" src=\"http:\/\/windmillpattaya.com\/wp-content\/uploads\/2023\/09\/IMG_2459-crop-768x1024.jpg\" alt=\"\" class=\"wp-image-21434\"\/><\/figure>\n\n\n\n<figure class=\"wp-block-image size-large\"><img decoding=\"async\" data-id=\"21433\" src=\"http:\/\/windmillpattaya.com\/wp-content\/uploads\/2023\/09\/IMG_2473-crop-768x1024.jpg\" alt=\"\" class=\"wp-image-21433\"\/><\/figure>\n\n\n\n<figure class=\"wp-block-image size-large\"><img decoding=\"async\" data-id=\"21432\" src=\"http:\/\/windmillpattaya.com\/wp-content\/uploads\/2023\/09\/IMG_2474-crop-768x1024.jpg\" alt=\"\" class=\"wp-image-21432\"\/><\/figure>\n\n\n\n<figure class=\"wp-block-image size-large\"><img decoding=\"async\" data-id=\"21431\" src=\"http:\/\/windmillpattaya.com\/wp-content\/uploads\/2023\/09\/IMG_2475-crop-768x1024.jpg\" alt=\"\" class=\"wp-image-21431\"\/><\/figure>\n\n\n\n<figure class=\"wp-block-image size-large\"><img decoding=\"async\" data-id=\"21430\" src=\"http:\/\/windmillpattaya.com\/wp-content\/uploads\/2023\/09\/IMG_2476-crop-768x1024.jpg\" alt=\"\" class=\"wp-image-21430\"\/><\/figure>\n<\/figure>","protected":false},"excerpt":{"rendered":"<p>Wir haben nie geschlossen... aber wir aktualisieren unsere Website! Windmill Team Unser Club ist nat\u00fcrlich ge\u00f6ffnet! Jeden Tag von 19:00 Uhr bis sp\u00e4t in die Nacht... Soi Diamond \u2013 Pattaya<\/p>","protected":false},"author":1,"featured_media":21893,"parent":0,"menu_order":0,"comment_status":"closed","ping_status":"closed","template":"","meta":{"footnotes":""},"class_list":["post-21861","page","type-page","status-publish","has-post-thumbnail","hentry"],"_links":{"self":[{"href":"https:\/\/windmillpattaya.com\/de\/wp-json\/wp\/v2\/pages\/21861"}],"collection":[{"href":"https:\/\/windmillpattaya.com\/de\/wp-json\/wp\/v2\/pages"}],"about":[{"href":"https:\/\/windmillpattaya.com\/de\/wp-json\/wp\/v2\/types\/page"}],"author":[{"embeddable":true,"href":"https:\/\/windmillpattaya.com\/de\/wp-json\/wp\/v2\/users\/1"}],"replies":[{"embeddable":true,"href":"https:\/\/windmillpattaya.com\/de\/wp-json\/wp\/v2\/comments?post=21861"}],"version-history":[{"count":0,"href":"https:\/\/windmillpattaya.com\/de\/wp-json\/wp\/v2\/pages\/21861\/revisions"}],"wp:featuredmedia":[{"embeddable":true,"href":"https:\/\/windmillpattaya.com\/de\/wp-json\/wp\/v2\/media\/21893"}],"wp:attachment":[{"href":"https:\/\/windmillpattaya.com\/de\/wp-json\/wp\/v2\/media?parent=21861"}],"curies":[{"name":"wp","href":"https:\/\/api.w.org\/{rel}","templated":true}]}}