{"id":23052,"date":"2023-09-07T20:18:55","date_gmt":"2023-09-07T13:18:55","guid":{"rendered":"http:\/\/windmillpattaya.com\/?page_id=23052"},"modified":"2023-09-07T20:22:02","modified_gmt":"2023-09-07T13:22:02","slug":"testimonials","status":"publish","type":"page","link":"https:\/\/windmillpattaya.com\/de\/referenzen\/","title":{"rendered":"Referenzen"},"content":{"rendered":"<div data-elementor-type=\"wp-page\" data-elementor-id=\"23052\" class=\"elementor elementor-23052\" data-elementor-post-type=\"page\">\n\t\t\t\t\t\t<section class=\"elementor-section elementor-top-section elementor-element elementor-element-cd730e2 elementor-section-boxed elementor-section-height-default elementor-section-height-default\" data-id=\"cd730e2\" data-element_type=\"section\">\n\t\t\t\t\t\t<div class=\"elementor-container elementor-column-gap-default\">\n\t\t\t\t\t<div class=\"elementor-column elementor-col-50 elementor-top-column elementor-element elementor-element-d44cdd5\" data-id=\"d44cdd5\" data-element_type=\"column\">\n\t\t\t<div class=\"elementor-widget-wrap elementor-element-populated\">\n\t\t\t\t\t\t<div class=\"elementor-element elementor-element-a53809f elementor-widget elementor-widget-text-editor\" data-id=\"a53809f\" data-element_type=\"widget\" data-widget_type=\"text-editor.default\">\n\t\t\t\t<div class=\"elementor-widget-container\">\n\t\t\t<style>\/*! elementor - v3.22.0 - 24-06-2024 *\/\n.elementor-widget-text-editor.elementor-drop-cap-view-stacked .elementor-drop-cap{background-color:#69727d;color:#fff}.elementor-widget-text-editor.elementor-drop-cap-view-framed .elementor-drop-cap{color:#69727d;border:3px solid;background-color:transparent}.elementor-widget-text-editor:not(.elementor-drop-cap-view-default) .elementor-drop-cap{margin-top:8px}.elementor-widget-text-editor:not(.elementor-drop-cap-view-default) .elementor-drop-cap-letter{width:1em;height:1em}.elementor-widget-text-editor .elementor-drop-cap{float:left;text-align:center;line-height:1;font-size:50px}.elementor-widget-text-editor .elementor-drop-cap-letter{display:inline-block}<\/style>\t\t\t\t<p>Ich w\u00fcrde auf jeden Fall gerne \u00fcber diese Windm\u00fchlenbar schreiben! Da viele andere Go-Go-Bars Inder sind, verweigern die Sicherheitsleute den Zutritt, \u00fcberraschenderweise ist dies bei der Windmill-Bar nicht der Fall! Ich sch\u00e4tze das Management daf\u00fcr, dass es nicht rassistisch ist! Es ist eine sehr freundliche Go-Go-Bar. Ich habe etwas getrunken und auch einen Damendrink f\u00fcr die Darstellerin bekommen! Sie erzwingen oder erzwingen nie, dass es einer der besten Orte zum Entspannen ist \u2026 Wir kommen alle mit unterschiedlichem Hintergrund nach Thailand und die Atmosph\u00e4re, die dieser Ort bietet, ist lobenswert! Auf jeden Fall ein 5-Sterne-Erlebnis, ich w\u00fcrde es allen empfehlen und w\u00fcrde es gerne wieder besuchen.<\/p><ul><li><a href=\"https:\/\/www.google.com\/maps\/contrib\/109228017690049414407?hl=nl&amp;sa=X&amp;ved=2ahUKEwjZi52ky5iBAxWf0wIHHVFzB1MQvvQBegQIARBR\">Udhakar S<\/a><\/li><\/ul>\t\t\t\t\t\t<\/div>\n\t\t\t\t<\/div>\n\t\t\t\t\t<\/div>\n\t\t<\/div>\n\t\t\t\t<div class=\"elementor-column elementor-col-50 elementor-top-column elementor-element elementor-element-ee5733d\" data-id=\"ee5733d\" data-element_type=\"column\">\n\t\t\t<div class=\"elementor-widget-wrap elementor-element-populated\">\n\t\t\t\t\t\t<div class=\"elementor-element elementor-element-db79230 elementor-widget elementor-widget-text-editor\" data-id=\"db79230\" data-element_type=\"widget\" data-widget_type=\"text-editor.default\">\n\t\t\t\t<div class=\"elementor-widget-container\">\n\t\t\t\t\t\t\t<p>Es war mein erstes Mal in diesem Go-Go. Das war unglaublich, Mamasan war sehr freundlich. Hatte viele Ladydrinks f\u00fcr Damen. Wir waren regelm\u00e4\u00dfig f\u00fcr 4 N\u00e4chte dort, da es in der gesamten Fu\u00dfg\u00e4ngerzone besser ist, nicht zu gehen. Pers\u00f6nlich \u00fcberpr\u00fcft, indem ich 90% in dieser Gegend besuchte. Zuletzt war die Auswahl, die ich am ersten Tag in der Walking Street als erstes eingegeben habe. Ein Hoch auf das Management<\/p><ul><li><a href=\"https:\/\/www.google.com\/maps\/contrib\/108962915157988219385?hl=nl&amp;sa=X&amp;ved=2ahUKEwjZi52ky5iBAxWf0wIHHVFzB1MQvvQBegQIARB4\">Samer Singh<\/a><\/li><\/ul>\t\t\t\t\t\t<\/div>\n\t\t\t\t<\/div>\n\t\t\t\t\t<\/div>\n\t\t<\/div>\n\t\t\t\t\t<\/div>\n\t\t<\/section>\n\t\t\t\t<section class=\"elementor-section elementor-top-section elementor-element elementor-element-2b77df6 elementor-section-boxed elementor-section-height-default elementor-section-height-default\" data-id=\"2b77df6\" data-element_type=\"section\">\n\t\t\t\t\t\t<div class=\"elementor-container elementor-column-gap-default\">\n\t\t\t\t\t<div class=\"elementor-column elementor-col-50 elementor-top-column elementor-element elementor-element-ac84269\" data-id=\"ac84269\" data-element_type=\"column\">\n\t\t\t<div class=\"elementor-widget-wrap elementor-element-populated\">\n\t\t\t\t\t\t<div class=\"elementor-element elementor-element-bb9b5e7 elementor-widget elementor-widget-text-editor\" data-id=\"bb9b5e7\" data-element_type=\"widget\" data-widget_type=\"text-editor.default\">\n\t\t\t\t<div class=\"elementor-widget-container\">\n\t\t\t\t\t\t\t<div class=\"jxjCjc\"><div class=\"gQfZge\"><div class=\"BgXiYe\"><div><div class=\"Jtu6Td\"><span tabindex=\"-1\" data-expandable-section=\"\">Am besten gehen Sie in die Bar, wo alle anderen Spier direkt vor Ort sind.Schitterend.<\/span><\/div><div class=\"hTt9T\">\u00a0<\/div><\/div><\/div><\/div><\/div><div class=\"GmO6pf\">\u2013 Dirk Verboom<\/div>\t\t\t\t\t\t<\/div>\n\t\t\t\t<\/div>\n\t\t\t\t\t<\/div>\n\t\t<\/div>\n\t\t\t\t<div class=\"elementor-column elementor-col-50 elementor-top-column elementor-element elementor-element-909422e\" data-id=\"909422e\" data-element_type=\"column\">\n\t\t\t<div class=\"elementor-widget-wrap elementor-element-populated\">\n\t\t\t\t\t\t<div class=\"elementor-element elementor-element-ce04ee7 elementor-widget elementor-widget-text-editor\" data-id=\"ce04ee7\" data-element_type=\"widget\" data-widget_type=\"text-editor.default\">\n\t\t\t\t<div class=\"elementor-widget-container\">\n\t\t\t\t\t\t\t<p>\u5973\u306e\u5b50\u306b\u304a\u9152\u3092\u5962\u308b\u3068\u307f\u3093\u306a\u30ce\u30ea\u304c\u826f\u304f\u3066\u697d\u3057\u3081\u307e\u3059.\u5973\u306e\u5b50\u306f\u6574\u5f62\u3084\u8c4a\u80f8\u3092\u3057\u3066\u308b\u5a18\u304c\u3042\u307e\u308a\u3044\u306a\u304f\u81ea\u7136\u306a\u611f\u3058\u306a\u5a18\u304c\u591a\u3044\u3067\u3059.\u521d\u3081\u3066\u30d1\u30bf\u30e4\u306b\u6765\u305f\u306e\u3067\u3059\u304c\u3001\u30d1\u30bf\u30e4\u3067\u4e00\u756a\u597d\u304d\u306a\u0648\u0627\u0644\u0642\u062a\u306b\u306a\u308a\u307e\u3057\u305f<\/p><p>&#8211; <a href=\"https:\/\/www.google.com\/maps\/contrib\/106605160602865985956?hl=nl&amp;sa=X&amp;ved=2ahUKEwjZi52ky5iBAxWf0wIHHVFzB1MQvvQBegQIARAi\">\u5317\u6d77\u592a\u90ce<\/a><\/p>\t\t\t\t\t\t<\/div>\n\t\t\t\t<\/div>\n\t\t\t\t\t<\/div>\n\t\t<\/div>\n\t\t\t\t\t<\/div>\n\t\t<\/section>\n\t\t\t\t<\/div>","protected":false},"excerpt":{"rendered":"<p>Ich w\u00fcrde auf jeden Fall gerne \u00fcber diese Windm\u00fchlenbar schreiben! Da viele andere Go-Go-Bars Inder sind, verweigern die Sicherheitsleute den Zutritt, \u00fcberraschenderweise ist dies bei der Windmill-Bar nicht der Fall! Ich sch\u00e4tze das Management daf\u00fcr, dass es nicht rassistisch ist! Es ist eine sehr freundliche Go-Go-Bar. Ich habe etwas getrunken und auch einen Lady-Drink bekommen [\u2026]<\/p>","protected":false},"author":1,"featured_media":0,"parent":0,"menu_order":0,"comment_status":"closed","ping_status":"closed","template":"","meta":{"footnotes":""},"class_list":["post-23052","page","type-page","status-publish","hentry"],"_links":{"self":[{"href":"https:\/\/windmillpattaya.com\/de\/wp-json\/wp\/v2\/pages\/23052"}],"collection":[{"href":"https:\/\/windmillpattaya.com\/de\/wp-json\/wp\/v2\/pages"}],"about":[{"href":"https:\/\/windmillpattaya.com\/de\/wp-json\/wp\/v2\/types\/page"}],"author":[{"embeddable":true,"href":"https:\/\/windmillpattaya.com\/de\/wp-json\/wp\/v2\/users\/1"}],"replies":[{"embeddable":true,"href":"https:\/\/windmillpattaya.com\/de\/wp-json\/wp\/v2\/comments?post=23052"}],"version-history":[{"count":0,"href":"https:\/\/windmillpattaya.com\/de\/wp-json\/wp\/v2\/pages\/23052\/revisions"}],"wp:attachment":[{"href":"https:\/\/windmillpattaya.com\/de\/wp-json\/wp\/v2\/media?parent=23052"}],"curies":[{"name":"wp","href":"https:\/\/api.w.org\/{rel}","templated":true}]}}