{"id":21313,"date":"2023-08-31T16:00:09","date_gmt":"2023-08-31T16:00:09","guid":{"rendered":"https:\/\/vps95228.inmotionhosting.com\/?page_id=21313"},"modified":"2023-10-08T12:58:58","modified_gmt":"2023-10-08T05:58:58","slug":"about-us","status":"publish","type":"page","link":"https:\/\/windmillpattaya.com\/es\/sobre-nosotros\/","title":{"rendered":"Sobre nosotros"},"content":{"rendered":"<div data-elementor-type=\"wp-page\" data-elementor-id=\"21313\" class=\"elementor elementor-21313\" data-elementor-post-type=\"page\">\n\t\t\t\t<div class=\"elementor-element elementor-element-37f9c62 e-flex e-con-boxed e-con e-parent\" data-id=\"37f9c62\" data-element_type=\"container\">\n\t\t\t\t\t<div class=\"e-con-inner\">\n\t\t<div class=\"elementor-element elementor-element-f63f2c3 e-flex e-con-boxed e-con e-child\" data-id=\"f63f2c3\" data-element_type=\"container\">\n\t\t\t\t\t<div class=\"e-con-inner\">\n\t\t\t\t<div class=\"elementor-element elementor-element-0f582c2 elementor-headline--style-highlight elementor-widget elementor-widget-animated-headline\" data-id=\"0f582c2\" data-element_type=\"widget\" data-settings=\"{&quot;highlighted_text&quot;:&quot;Attitude&quot;,&quot;headline_style&quot;:&quot;highlight&quot;,&quot;marker&quot;:&quot;circle&quot;,&quot;loop&quot;:&quot;yes&quot;,&quot;highlight_animation_duration&quot;:1200,&quot;highlight_iteration_delay&quot;:8000}\" data-widget_type=\"animated-headline.default\">\n\t\t\t\t<div class=\"elementor-widget-container\">\n\t\t\t<link rel=\"stylesheet\" href=\"http:\/\/windmillpattaya.com\/wp-content\/plugins\/elementor-pro\/assets\/css\/widget-animated-headline.min.css\">\t\t<h3 class=\"elementor-headline\">\n\t\t\t\t\t<span class=\"elementor-headline-plain-text elementor-headline-text-wrapper\">Co\u00f1o sin <\/span>\n\t\t\t\t<span class=\"elementor-headline-dynamic-wrapper elementor-headline-text-wrapper\">\n\t\t\t\t\t<span class=\"elementor-headline-dynamic-text elementor-headline-text-active\">Actitud<\/span>\n\t\t\t\t<\/span>\n\t\t\t\t\t<span class=\"elementor-headline-plain-text elementor-headline-text-wrapper\">Molino de viento Club A Go go<\/span>\n\t\t\t\t\t<\/h3>\n\t\t\t\t<\/div>\n\t\t\t\t<\/div>\n\t\t\t\t<div class=\"elementor-element elementor-element-c2c5f71 elementor-widget elementor-widget-text-editor\" data-id=\"c2c5f71\" data-element_type=\"widget\" data-widget_type=\"text-editor.default\">\n\t\t\t\t<div class=\"elementor-widget-container\">\n\t\t\t<style>\/*! elementor - v3.22.0 - 24-06-2024 *\/\n.elementor-widget-text-editor.elementor-drop-cap-view-stacked .elementor-drop-cap{background-color:#69727d;color:#fff}.elementor-widget-text-editor.elementor-drop-cap-view-framed .elementor-drop-cap{color:#69727d;border:3px solid;background-color:transparent}.elementor-widget-text-editor:not(.elementor-drop-cap-view-default) .elementor-drop-cap{margin-top:8px}.elementor-widget-text-editor:not(.elementor-drop-cap-view-default) .elementor-drop-cap-letter{width:1em;height:1em}.elementor-widget-text-editor .elementor-drop-cap{float:left;text-align:center;line-height:1;font-size:50px}.elementor-widget-text-editor .elementor-drop-cap-letter{display:inline-block}<\/style>\t\t\t\t<section class=\"elementor-section elementor-top-section elementor-element elementor-element-6dbeaed8 elementor-section-boxed elementor-section-height-default elementor-section-height-default\" data-id=\"6dbeaed8\" data-element_type=\"section\" data-settings=\"{&quot;background_background&quot;:&quot;classic&quot;}\"><div class=\"elementor-container elementor-column-gap-default\"><div class=\"elementor-column elementor-col-100 elementor-top-column elementor-element elementor-element-4a7b6ecc\" data-id=\"4a7b6ecc\" data-element_type=\"column\"><div class=\"elementor-widget-wrap elementor-element-populated\"><div class=\"elementor-element elementor-element-eec9709 elementor-widget elementor-widget-text-editor\" data-id=\"eec9709\" data-element_type=\"widget\" data-widget_type=\"text-editor.default\"><div class=\"elementor-widget-container\"><p>ACERCA DEL MOLINO DE VIENTO<br \/>Bienvenido a Windmill A gogo bar, soi Diamond en Walking Street Pattaya, Tailandia. Windmill es conocido por ser el bar A gogo m\u00e1s travieso de Walking Street.<\/p><p>Un gran bar A gogo para conocer a la sexy chica tailandesa de tus sue\u00f1os. Nuestra filosof\u00eda es simple, dirigimos un gran club y nos gusta divertirnos. Nuestro lema \u201cco\u00f1o sin actitud\u201d.<\/p><p>Desde 2004, hemos sido constantemente uno de los mejores bares A gogo de la ciudad de Pattaya. Pero no conf\u00ede en nuestra palabra, lea los testimonios escritos de forma independiente de muchos de nuestros clientes que nos recomiendan a sus amigos y regresan por m\u00e1s una y otra vez.<\/p><p>Nuestro bar es propiedad de 100% y est\u00e1 dirigido por occidentales, as\u00ed que si tienes alg\u00fan problema con una chica, un miembro del personal o una factura, h\u00e1znoslo saber. Nuestra direcci\u00f3n occidental tambi\u00e9n habla tailand\u00e9s.<\/p><p>En el Windmill Club, tenemos 8 pantallas grandes distribuidas en dos pisos que muestran deportes en vivo desde la televisi\u00f3n satelital tailandesa y deportes a\u00e9reos en el Reino Unido.<\/p><p>Para que nunca te pierdas la acci\u00f3n de todos tus eventos deportivos favoritos. Dentro del club, hay 4 \u00e1reas de \u201cescenario de juego\u201d y un espect\u00e1culo de ducha constante. Tenga en cuenta que lo que sucede aqu\u00ed es mundialmente famoso y estamos muy ocupados, con asientos limitados, llegue temprano para evitar decepciones. Si tocas la campana del tequila en el club del molino de viento, no recibir\u00e1s una sorpresa desagradable cuando llegue la cuenta.<\/p><p>Son s\u00f3lo 4.000 baht para comprarles una botella a las ni\u00f1as. Es una excelente manera de hacer gritar a las chicas. Tambi\u00e9n puedes ser un buen tirador con 10 B52 o Sambuca por 1200 baht. Estamos orgullosos de tener trabajando para nosotros algunas de las bailarinas de A gogo m\u00e1s sexys de toda Tailandia. Nuestras chicas son seleccionadas por su buena apariencia y su capacidad para interactuar con los clientes.<\/p><p>De hecho, nuestras ni\u00f1as llevan la interacci\u00f3n a un nuevo nivel. Vis\u00edtenos para ver c\u00f3mo. No olvides nuestro lema &quot;co\u00f1o sin actitud&quot;. Si tienes alg\u00fan problema con nuestras chicas, no dudes en hablar con nuestro mamasang tailand\u00e9s, quien solucionar\u00e1 cualquier problema.<\/p><p>Vea qu\u00e9 encantadoras bailarinas tenemos en este momento. Vea a nuestras encantadoras y sexys bailarinas y al personal de servicio. Vea si conoce a alguien o quiere conocer a algunos de ellos, y aseg\u00farese de visitarnos con frecuencia para ver a nuestras nuevas damas todo el tiempo. Leer m\u00e1s \u00bfPor qu\u00e9 The Windmill Club?\u00a0<a href=\"https:\/\/www.facebook.com\/WindmillClubPattaya\">Mira aqu\u00ed<\/a>\u00a1Y mira por qu\u00e9!<\/p><\/div><\/div><\/div><\/div><\/div><\/section><section class=\"elementor-section elementor-top-section elementor-element elementor-element-aba6916 elementor-section-boxed elementor-section-height-default elementor-section-height-default\" data-id=\"aba6916\" data-element_type=\"section\"><div class=\"elementor-container elementor-column-gap-default\"><div class=\"elementor-column elementor-col-100 elementor-top-column elementor-element elementor-element-fd61e84\" data-id=\"fd61e84\" data-element_type=\"column\"><div class=\"elementor-widget-wrap elementor-element-populated\"><div class=\"elementor-element elementor-element-394609d elementor-widget elementor-widget-html\" data-id=\"394609d\" data-element_type=\"widget\" data-widget_type=\"html.default\"><div class=\"elementor-widget-container\"><div class=\"ti-widget ti-goog\" data-layout-id=\"12\" data-set-id=\"drop-shadow\" data-pid=\"b5167179c03e50ec942cb\"><div class=\"ti-widget-container\"><div class=\"ti-large-logo\"><div class=\"ti-v-center\">\u00a0<\/div><\/div><\/div><\/div><\/div><\/div><\/div><\/div><\/div><\/section>\t\t\t\t\t\t<\/div>\n\t\t\t\t<\/div>\n\t\t\t\t\t<\/div>\n\t\t\t\t<\/div>\n\t\t\t\t\t<\/div>\n\t\t\t\t<\/div>\n\t\t\t\t<\/div>","protected":false},"excerpt":{"rendered":"<p>Co\u00f1o sin actitud Windmill Club A Go go ACERCA DE WINDMILLBienvenido al bar Windmill A gogo, soi Diamond en Walking Street Pattaya, Tailandia. Windmill es conocido por ser el bar A gogo m\u00e1s travieso de Walking Street. Un gran bar A gogo para conocer a la sexy chica tailandesa de tus sue\u00f1os. Nuestra Filosof\u00eda es simple, corremos [\u2026]<\/p>","protected":false},"author":1,"featured_media":0,"parent":0,"menu_order":0,"comment_status":"closed","ping_status":"closed","template":"","meta":{"footnotes":""},"class_list":["post-21313","page","type-page","status-publish","hentry"],"_links":{"self":[{"href":"https:\/\/windmillpattaya.com\/es\/wp-json\/wp\/v2\/pages\/21313"}],"collection":[{"href":"https:\/\/windmillpattaya.com\/es\/wp-json\/wp\/v2\/pages"}],"about":[{"href":"https:\/\/windmillpattaya.com\/es\/wp-json\/wp\/v2\/types\/page"}],"author":[{"embeddable":true,"href":"https:\/\/windmillpattaya.com\/es\/wp-json\/wp\/v2\/users\/1"}],"replies":[{"embeddable":true,"href":"https:\/\/windmillpattaya.com\/es\/wp-json\/wp\/v2\/comments?post=21313"}],"version-history":[{"count":0,"href":"https:\/\/windmillpattaya.com\/es\/wp-json\/wp\/v2\/pages\/21313\/revisions"}],"wp:attachment":[{"href":"https:\/\/windmillpattaya.com\/es\/wp-json\/wp\/v2\/media?parent=21313"}],"curies":[{"name":"wp","href":"https:\/\/api.w.org\/{rel}","templated":true}]}}