{"id":23052,"date":"2023-09-07T20:18:55","date_gmt":"2023-09-07T13:18:55","guid":{"rendered":"http:\/\/windmillpattaya.com\/?page_id=23052"},"modified":"2023-09-07T20:22:02","modified_gmt":"2023-09-07T13:22:02","slug":"testimonials","status":"publish","type":"page","link":"https:\/\/windmillpattaya.com\/es\/testimonios\/","title":{"rendered":"testimonios"},"content":{"rendered":"<div data-elementor-type=\"wp-page\" data-elementor-id=\"23052\" class=\"elementor elementor-23052\" data-elementor-post-type=\"page\">\n\t\t\t\t\t\t<section class=\"elementor-section elementor-top-section elementor-element elementor-element-cd730e2 elementor-section-boxed elementor-section-height-default elementor-section-height-default\" data-id=\"cd730e2\" data-element_type=\"section\">\n\t\t\t\t\t\t<div class=\"elementor-container elementor-column-gap-default\">\n\t\t\t\t\t<div class=\"elementor-column elementor-col-50 elementor-top-column elementor-element elementor-element-d44cdd5\" data-id=\"d44cdd5\" data-element_type=\"column\">\n\t\t\t<div class=\"elementor-widget-wrap elementor-element-populated\">\n\t\t\t\t\t\t<div class=\"elementor-element elementor-element-a53809f elementor-widget elementor-widget-text-editor\" data-id=\"a53809f\" data-element_type=\"widget\" data-widget_type=\"text-editor.default\">\n\t\t\t\t<div class=\"elementor-widget-container\">\n\t\t\t<style>\/*! elementor - v3.22.0 - 24-06-2024 *\/\n.elementor-widget-text-editor.elementor-drop-cap-view-stacked .elementor-drop-cap{background-color:#69727d;color:#fff}.elementor-widget-text-editor.elementor-drop-cap-view-framed .elementor-drop-cap{color:#69727d;border:3px solid;background-color:transparent}.elementor-widget-text-editor:not(.elementor-drop-cap-view-default) .elementor-drop-cap{margin-top:8px}.elementor-widget-text-editor:not(.elementor-drop-cap-view-default) .elementor-drop-cap-letter{width:1em;height:1em}.elementor-widget-text-editor .elementor-drop-cap{float:left;text-align:center;line-height:1;font-size:50px}.elementor-widget-text-editor .elementor-drop-cap-letter{display:inline-block}<\/style>\t\t\t\t<p>\u00a1Definitivamente me gustar\u00eda escribir sobre este bar de molinos de viento! Al ser indio, muchos otros go go bar seguridad niegan la entrada, \u00a1sorprendentemente no sucedi\u00f3 con el bar del molino de viento! \u00a1Aprecio a la gerencia por no ser racista! Es un bar go go muy amigable. \u00a1Tom\u00e9 una copa y tambi\u00e9n compr\u00e9 una bebida para dama para el artista! Nunca fuerzan ni obligan, es uno de los mejores lugares para relajarse... \u00a1Todos venimos a Tailandia con diferentes or\u00edgenes y el ambiente que ofrece este lugar es encomiable! Definitivamente una experiencia de 5 estrellas \u2b50\ufe0f y lo recomendar\u00eda a todos y me encantar\u00eda volver a visitarla.<\/p><ul><li><a href=\"https:\/\/www.google.com\/maps\/contrib\/109228017690049414407?hl=nl&amp;sa=X&amp;ved=2ahUKEwjZi52ky5iBAxWf0wIHHVFzB1MQvvQBegQIARBR\">udhakar s<\/a><\/li><\/ul>\t\t\t\t\t\t<\/div>\n\t\t\t\t<\/div>\n\t\t\t\t\t<\/div>\n\t\t<\/div>\n\t\t\t\t<div class=\"elementor-column elementor-col-50 elementor-top-column elementor-element elementor-element-ee5733d\" data-id=\"ee5733d\" data-element_type=\"column\">\n\t\t\t<div class=\"elementor-widget-wrap elementor-element-populated\">\n\t\t\t\t\t\t<div class=\"elementor-element elementor-element-db79230 elementor-widget elementor-widget-text-editor\" data-id=\"db79230\" data-element_type=\"widget\" data-widget_type=\"text-editor.default\">\n\t\t\t\t<div class=\"elementor-widget-container\">\n\t\t\t\t\t\t\t<p>Era mi primera vez en este go go. Esto fue incre\u00edble. Mamasan fue muy amable. Tom\u00e9 muchas bebidas para damas. Fui all\u00ed regularmente durante 4 noches, ya que no ir es mejor en toda la calle peatonal. Comprobado personalmente visitando el 90% en esa zona. Por \u00faltimo, fue la selecci\u00f3n en la que ingres\u00e9 por primera vez en Walking Street el primer d\u00eda. Saludos a la gerencia.<\/p><ul><li><a href=\"https:\/\/www.google.com\/maps\/contrib\/108962915157988219385?hl=nl&amp;sa=X&amp;ved=2ahUKEwjZi52ky5iBAxWf0wIHHVFzB1MQvvQBegQIARB4\">Sameer Singh<\/a><\/li><\/ul>\t\t\t\t\t\t<\/div>\n\t\t\t\t<\/div>\n\t\t\t\t\t<\/div>\n\t\t<\/div>\n\t\t\t\t\t<\/div>\n\t\t<\/section>\n\t\t\t\t<section class=\"elementor-section elementor-top-section elementor-element elementor-element-2b77df6 elementor-section-boxed elementor-section-height-default elementor-section-height-default\" data-id=\"2b77df6\" data-element_type=\"section\">\n\t\t\t\t\t\t<div class=\"elementor-container elementor-column-gap-default\">\n\t\t\t\t\t<div class=\"elementor-column elementor-col-50 elementor-top-column elementor-element elementor-element-ac84269\" data-id=\"ac84269\" data-element_type=\"column\">\n\t\t\t<div class=\"elementor-widget-wrap elementor-element-populated\">\n\t\t\t\t\t\t<div class=\"elementor-element elementor-element-bb9b5e7 elementor-widget elementor-widget-text-editor\" data-id=\"bb9b5e7\" data-element_type=\"widget\" data-widget_type=\"text-editor.default\">\n\t\t\t\t<div class=\"elementor-widget-container\">\n\t\t\t\t\t\t\t<div class=\"jxjCjc\"><div class=\"gQfZge\"><div class=\"BgXiYe\"><div><div class=\"Jtu6Td\"><span tabindex=\"-1\" data-expandable-section=\"\">De beste go go bar ter weld alle meiden spier poedeltje naakt.Schitterend.<\/span><\/div><div class=\"hTt9T\">\u00a0<\/div><\/div><\/div><\/div><\/div><div class=\"GmO6pf\">\u2013 Dirk Verboom<\/div>\t\t\t\t\t\t<\/div>\n\t\t\t\t<\/div>\n\t\t\t\t\t<\/div>\n\t\t<\/div>\n\t\t\t\t<div class=\"elementor-column elementor-col-50 elementor-top-column elementor-element elementor-element-909422e\" data-id=\"909422e\" data-element_type=\"column\">\n\t\t\t<div class=\"elementor-widget-wrap elementor-element-populated\">\n\t\t\t\t\t\t<div class=\"elementor-element elementor-element-ce04ee7 elementor-widget elementor-widget-text-editor\" data-id=\"ce04ee7\" data-element_type=\"widget\" data-widget_type=\"text-editor.default\">\n\t\t\t\t<div class=\"elementor-widget-container\">\n\t\t\t\t\t\t\t<p>&quot;\u307e\u308a\u3044\u306a\u304f\u81ea\u7136\u306a\u611f\u3058\u306a\u5a18\u304c\u591a\u3044\u3067\u3059\u3002\u521d\u3081\u3066\u30d1\u30bf\u30e4\u306b\u6765\u305f\u306e\u3067\u3059\u304c\u3001\u30d1\u30bf\u30e4\u3067\u4e00&quot;<\/p><p>&#8211; <a href=\"https:\/\/www.google.com\/maps\/contrib\/106605160602865985956?hl=nl&amp;sa=X&amp;ved=2ahUKEwjZi52ky5iBAxWf0wIHHVFzB1MQvvQBegQIARAi\">\u5317\u6d77\u592a\u90ce<\/a><\/p>\t\t\t\t\t\t<\/div>\n\t\t\t\t<\/div>\n\t\t\t\t\t<\/div>\n\t\t<\/div>\n\t\t\t\t\t<\/div>\n\t\t<\/section>\n\t\t\t\t<\/div>","protected":false},"excerpt":{"rendered":"<p>\u00a1Definitivamente me gustar\u00eda escribir sobre este bar de molinos de viento! Al ser indio, muchos otros go go bar seguridad niegan la entrada, \u00a1sorprendentemente no sucedi\u00f3 con el bar del molino de viento! \u00a1Aprecio a la gerencia por no ser racista! Es un bar go go muy amigable. Tom\u00e9 una copa y tambi\u00e9n tom\u00e9 una copa para dama [\u2026]<\/p>","protected":false},"author":1,"featured_media":0,"parent":0,"menu_order":0,"comment_status":"closed","ping_status":"closed","template":"","meta":{"footnotes":""},"class_list":["post-23052","page","type-page","status-publish","hentry"],"_links":{"self":[{"href":"https:\/\/windmillpattaya.com\/es\/wp-json\/wp\/v2\/pages\/23052"}],"collection":[{"href":"https:\/\/windmillpattaya.com\/es\/wp-json\/wp\/v2\/pages"}],"about":[{"href":"https:\/\/windmillpattaya.com\/es\/wp-json\/wp\/v2\/types\/page"}],"author":[{"embeddable":true,"href":"https:\/\/windmillpattaya.com\/es\/wp-json\/wp\/v2\/users\/1"}],"replies":[{"embeddable":true,"href":"https:\/\/windmillpattaya.com\/es\/wp-json\/wp\/v2\/comments?post=23052"}],"version-history":[{"count":0,"href":"https:\/\/windmillpattaya.com\/es\/wp-json\/wp\/v2\/pages\/23052\/revisions"}],"wp:attachment":[{"href":"https:\/\/windmillpattaya.com\/es\/wp-json\/wp\/v2\/media?parent=23052"}],"curies":[{"name":"wp","href":"https:\/\/api.w.org\/{rel}","templated":true}]}}