{"id":20679,"date":"2023-08-28T15:46:34","date_gmt":"2023-08-28T15:46:34","guid":{"rendered":"http:\/\/windmillpattaya.com\/?page_id=20679"},"modified":"2023-08-28T15:46:34","modified_gmt":"2023-08-28T15:46:34","slug":"drinking-prices","status":"publish","type":"page","link":"https:\/\/windmillpattaya.com\/fi\/juomien-hinnat\/","title":{"rendered":"Juomien hinnat"},"content":{"rendered":"<div data-elementor-type=\"wp-page\" data-elementor-id=\"20679\" class=\"elementor elementor-20679\" data-elementor-post-type=\"page\">\n\t\t\t\t\t\t<section class=\"elementor-section elementor-top-section elementor-element elementor-element-405df65d elementor-section-boxed elementor-section-height-default elementor-section-height-default\" data-id=\"405df65d\" data-element_type=\"section\">\n\t\t\t\t\t\t<div class=\"elementor-container elementor-column-gap-default\">\n\t\t\t\t\t<div class=\"elementor-column elementor-col-100 elementor-top-column elementor-element elementor-element-26cb553c\" data-id=\"26cb553c\" data-element_type=\"column\">\n\t\t\t<div class=\"elementor-widget-wrap elementor-element-populated\">\n\t\t\t\t\t\t<div class=\"elementor-element elementor-element-6da0df71 elementor-widget elementor-widget-text-editor\" data-id=\"6da0df71\" data-element_type=\"widget\" data-widget_type=\"text-editor.default\">\n\t\t\t\t<div class=\"elementor-widget-container\">\n\t\t\t<style>\/*! elementor - v3.22.0 - 24-06-2024 *\/\n.elementor-widget-text-editor.elementor-drop-cap-view-stacked .elementor-drop-cap{background-color:#69727d;color:#fff}.elementor-widget-text-editor.elementor-drop-cap-view-framed .elementor-drop-cap{color:#69727d;border:3px solid;background-color:transparent}.elementor-widget-text-editor:not(.elementor-drop-cap-view-default) .elementor-drop-cap{margin-top:8px}.elementor-widget-text-editor:not(.elementor-drop-cap-view-default) .elementor-drop-cap-letter{width:1em;height:1em}.elementor-widget-text-editor .elementor-drop-cap{float:left;text-align:center;line-height:1;font-size:50px}.elementor-widget-text-editor .elementor-drop-cap-letter{display:inline-block}<\/style>\t\t\t\t<!-- wp:group {\"layout\":{\"type\":\"constrained\"}} -->\n<div class=\"wp-block-group\"><!-- wp:group {\"layout\":{\"type\":\"constrained\"}} -->\n<div class=\"wp-block-group\"><!-- wp:table {\"hasFixedLayout\":true,\"align\":\"center\",\"className\":\"is-style-regular\"} -->\n<figure class=\"wp-block-table aligncenter is-style-regular\"><table class=\"has-fixed-layout\"><tbody><tr><td class=\"has-text-align-left\" data-align=\"left\"><strong>OLUT<\/strong><\/td><td><\/td><td><strong>TEQUILA<\/strong><\/td><td><\/td><\/tr><tr><td class=\"has-text-align-left\" data-align=\"left\">Heineken<\/td><td>180<\/td><td>Slerra<\/td><td>170<\/td><\/tr><tr><td class=\"has-text-align-left\" data-align=\"left\">San Miguelin valo<\/td><td>180<\/td><td>Tequila Patron hopea<\/td><td>220<\/td><\/tr><tr><td class=\"has-text-align-left\" data-align=\"left\">Singha<\/td><td>180<\/td><td><\/td><td><\/td><\/tr><tr><td class=\"has-text-align-left\" data-align=\"left\">Chang<\/td><td>180<\/td><td><\/td><td><\/td><\/tr><tr><td class=\"has-text-align-left\" data-align=\"left\">Leo\/Asahi<\/td><td>180<\/td><td><\/td><td><\/td><\/tr><tr><td class=\"has-text-align-left\" data-align=\"left\">Tiger Light \/ Tiger<\/td><td>180<\/td><td><\/td><td><\/td><\/tr><tr><td class=\"has-text-align-left\" data-align=\"left\">Korona<\/td><td>220<\/td><td><\/td><td><\/td><\/tr><tr><td class=\"has-text-align-left\" data-align=\"left\"><strong>VODKA<\/strong><\/td><td><\/td><td><strong>VISKI<\/strong><\/td><td><\/td><\/tr><tr><td class=\"has-text-align-left\" data-align=\"left\">Asbolutti<\/td><td>180<\/td><td>Johnnie Walker Red<\/td><td>170<\/td><\/tr><tr><td class=\"has-text-align-left\" data-align=\"left\">Smirnoff<\/td><td>180<\/td><td>Johnnie Walker Red<\/td><td>180<\/td><\/tr><tr><td class=\"has-text-align-left\" data-align=\"left\">Harmaa hanhi<\/td><td>220<\/td><td>Jamson<\/td><td>170<\/td><\/tr><tr><td class=\"has-text-align-left\" data-align=\"left\"><\/td><td><\/td><td>J&amp;B<\/td><td>180<\/td><\/tr><tr><td class=\"has-text-align-left\" data-align=\"left\"><strong>BRANDY<\/strong><\/td><td><\/td><td>100 piiperi\u00e4<\/td><td>180<\/td><\/tr><tr><td class=\"has-text-align-left\" data-align=\"left\">Hennessy<\/td><td>200<\/td><td>Jack Daniels<\/td><td>170<\/td><\/tr><tr><td class=\"has-text-align-left\" data-align=\"left\"><\/td><td><\/td><td>Chivas Regal<\/td><td>180<\/td><\/tr><tr><td class=\"has-text-align-left\" data-align=\"left\"><strong>GIN<\/strong><\/td><td><\/td><td>Jim Beam<\/td><td>180<\/td><\/tr><tr><td class=\"has-text-align-left\" data-align=\"left\">Gordonin<\/td><td>180<\/td><td><\/td><td><\/td><\/tr><tr><td class=\"has-text-align-left\" data-align=\"left\">Bombay<\/td><td>190<\/td><td><strong>LIKEERI<\/strong><\/td><td><\/td><\/tr><tr><td class=\"has-text-align-left\" data-align=\"left\"><\/td><td><\/td><td>Etel\u00e4inen mukavuus<\/td><td>200<\/td><\/tr><tr><td class=\"has-text-align-left\" data-align=\"left\"><strong>ROMMI<\/strong><\/td><td><\/td><td>Kahlua<\/td><td>180<\/td><\/tr><tr><td class=\"has-text-align-left\" data-align=\"left\">Bacardi<\/td><td>180<\/td><td>Baileys<\/td><td>180<\/td><\/tr><tr><td class=\"has-text-align-left\" data-align=\"left\">Kapteeni Morgan<\/td><td>190<\/td><td>Campari<\/td><td>180<\/td><\/tr><tr><td class=\"has-text-align-left\" data-align=\"left\">Malibu<\/td><td>190<\/td><td>Cointreau<\/td><td>180<\/td><\/tr><tr><td class=\"has-text-align-left\" data-align=\"left\"><\/td><td><\/td><td>Jagermeister<\/td><td>180<\/td><\/tr><tr><td class=\"has-text-align-left\" data-align=\"left\"><\/td><td><\/td><td>Sambuca<\/td><td>180<\/td><\/tr><tr><td class=\"has-text-align-left\" data-align=\"left\"><\/td><td><\/td><td>Tequila ruusu<\/td><td>180<\/td><\/tr><tr><td class=\"has-text-align-left\" data-align=\"left\"><strong>VIRVOITUSJUOMAT<\/strong><\/td><td><\/td><td><strong>VIRVOITUSJUOMAT<\/strong><\/td><td><\/td><\/tr><tr><td class=\"has-text-align-left\" data-align=\"left\">Coke \/ Diet Coca<\/td><td>150<\/td><td>Pullovesi<\/td><td>150<\/td><\/tr><tr><td class=\"has-text-align-left\" data-align=\"left\">Sprite\/Fanta<\/td><td>150<\/td><td>Soodavesi<\/td><td>150<\/td><\/tr><tr><td class=\"has-text-align-left\" data-align=\"left\">punainen h\u00e4rk\u00e4<\/td><td>150<\/td><td>Tonic-vesi<\/td><td>150<\/td><\/tr><tr><td class=\"has-text-align-left\" data-align=\"left\">Appelsiinimehu<\/td><td>150<\/td><td>Schweppes sitruuna<\/td><td>150<\/td><\/tr><tr><td class=\"has-text-align-left\" data-align=\"left\">Ananas mehu<\/td><td>150<\/td><td>Kuuma tee (Lipton)<\/td><td>150<\/td><\/tr><tr><td class=\"has-text-align-left\" data-align=\"left\">omena mehu<\/td><td>150<\/td><td>Kuuma kahvi<\/td><td>150<\/td><\/tr><\/tbody><\/table><figcaption class=\"wp-element-caption\">Juomien hinnat p\u00e4iv\u00e4tty: elokuu 2023<\/figcaption><\/figure>\n<!-- \/wp:table --><\/div>\n<!-- \/wp:group --><\/div>\n<!-- \/wp:group -->\n\n<!-- wp:table -->\n<figure class=\"wp-block-table\"><table><tbody><tr><td>LADYDRINIT<\/td><td>HINTA<\/td><\/tr><tr><td>LADYDRINK<\/td><td>220*<\/td><\/tr><tr><td>LADYDRINK-KOKTAILI<\/td><td>260*<\/td><\/tr><\/tbody><\/table><figcaption class=\"wp-element-caption\">* L\u00e4ht\u00f6hinnat, kysy lis\u00e4tietoja palvelusta<\/figcaption><\/figure>\n<!-- \/wp:table -->\n\n<!-- wp:separator {\"align\":\"center\"} -->\n<hr class=\"wp-block-separator aligncenter has-alpha-channel-opacity\"\/>\n<!-- \/wp:separator -->\t\t\t\t\t\t<\/div>\n\t\t\t\t<\/div>\n\t\t\t\t\t<\/div>\n\t\t<\/div>\n\t\t\t\t\t<\/div>\n\t\t<\/section>\n\t\t\t\t<section class=\"elementor-section elementor-top-section elementor-element elementor-element-6bba32a elementor-section-boxed elementor-section-height-default elementor-section-height-default\" data-id=\"6bba32a\" data-element_type=\"section\">\n\t\t\t\t\t\t<div class=\"elementor-container elementor-column-gap-default\">\n\t\t\t\t\t<div class=\"elementor-column elementor-col-100 elementor-top-column elementor-element elementor-element-b8b2304\" data-id=\"b8b2304\" data-element_type=\"column\">\n\t\t\t<div class=\"elementor-widget-wrap elementor-element-populated\">\n\t\t\t\t\t\t<div class=\"elementor-element elementor-element-03b156e elementor-widget elementor-widget-image\" data-id=\"03b156e\" data-element_type=\"widget\" data-widget_type=\"image.default\">\n\t\t\t\t<div class=\"elementor-widget-container\">\n\t\t\t<style>\/*! elementor - v3.22.0 - 24-06-2024 *\/\n.elementor-widget-image{text-align:center}.elementor-widget-image a{display:inline-block}.elementor-widget-image a img[src$=\".svg\"]{width:48px}.elementor-widget-image img{vertical-align:middle;display:inline-block}<\/style>\t\t\t\t\t\t\t\t\t\t<img decoding=\"async\" src=\"http:\/\/windmillpattaya.com\/wp-content\/uploads\/2023\/09\/istockphoto-175255224-612x612-1.jpg\" title=\"\" alt=\"\" loading=\"lazy\" \/>\t\t\t\t\t\t\t\t\t\t\t\t\t<\/div>\n\t\t\t\t<\/div>\n\t\t\t\t\t<\/div>\n\t\t<\/div>\n\t\t\t\t\t<\/div>\n\t\t<\/section>\n\t\t\t\t<\/div>","protected":false},"excerpt":{"rendered":"<p>OLUT TEQUILA Heineken 180 Slerra 170 San Miguel Light 180 Tequila Patron Hopea 220 Singha 180 Chang 180 Leo\/Asahi 180 Tiger Light \/ Tiger 180 Corona 220 VODKA WHISKEY Asbolute 0 Johnnieker0 Walnie8 18 Johnnieker0 Walnie8 y Goose 220 Jamson 170 J&amp;B 180 BRANDY 100 Pipers 180 Hennessy 200 Jack [\u2026]<\/p>","protected":false},"author":1,"featured_media":21904,"parent":0,"menu_order":0,"comment_status":"closed","ping_status":"closed","template":"","meta":{"footnotes":""},"class_list":["post-20679","page","type-page","status-publish","has-post-thumbnail","hentry"],"_links":{"self":[{"href":"https:\/\/windmillpattaya.com\/fi\/wp-json\/wp\/v2\/pages\/20679"}],"collection":[{"href":"https:\/\/windmillpattaya.com\/fi\/wp-json\/wp\/v2\/pages"}],"about":[{"href":"https:\/\/windmillpattaya.com\/fi\/wp-json\/wp\/v2\/types\/page"}],"author":[{"embeddable":true,"href":"https:\/\/windmillpattaya.com\/fi\/wp-json\/wp\/v2\/users\/1"}],"replies":[{"embeddable":true,"href":"https:\/\/windmillpattaya.com\/fi\/wp-json\/wp\/v2\/comments?post=20679"}],"version-history":[{"count":0,"href":"https:\/\/windmillpattaya.com\/fi\/wp-json\/wp\/v2\/pages\/20679\/revisions"}],"wp:featuredmedia":[{"embeddable":true,"href":"https:\/\/windmillpattaya.com\/fi\/wp-json\/wp\/v2\/media\/21904"}],"wp:attachment":[{"href":"https:\/\/windmillpattaya.com\/fi\/wp-json\/wp\/v2\/media?parent=20679"}],"curies":[{"name":"wp","href":"https:\/\/api.w.org\/{rel}","templated":true}]}}