{"id":21313,"date":"2023-08-31T16:00:09","date_gmt":"2023-08-31T16:00:09","guid":{"rendered":"https:\/\/vps95228.inmotionhosting.com\/?page_id=21313"},"modified":"2023-10-08T12:58:58","modified_gmt":"2023-10-08T05:58:58","slug":"about-us","status":"publish","type":"page","link":"https:\/\/windmillpattaya.com\/fi\/meista\/","title":{"rendered":"Meist\u00e4"},"content":{"rendered":"<div data-elementor-type=\"wp-page\" data-elementor-id=\"21313\" class=\"elementor elementor-21313\" data-elementor-post-type=\"page\">\n\t\t\t\t<div class=\"elementor-element elementor-element-37f9c62 e-flex e-con-boxed e-con e-parent\" data-id=\"37f9c62\" data-element_type=\"container\">\n\t\t\t\t\t<div class=\"e-con-inner\">\n\t\t<div class=\"elementor-element elementor-element-f63f2c3 e-flex e-con-boxed e-con e-child\" data-id=\"f63f2c3\" data-element_type=\"container\">\n\t\t\t\t\t<div class=\"e-con-inner\">\n\t\t\t\t<div class=\"elementor-element elementor-element-0f582c2 elementor-headline--style-highlight elementor-widget elementor-widget-animated-headline\" data-id=\"0f582c2\" data-element_type=\"widget\" data-settings=\"{&quot;highlighted_text&quot;:&quot;Attitude&quot;,&quot;headline_style&quot;:&quot;highlight&quot;,&quot;marker&quot;:&quot;circle&quot;,&quot;loop&quot;:&quot;yes&quot;,&quot;highlight_animation_duration&quot;:1200,&quot;highlight_iteration_delay&quot;:8000}\" data-widget_type=\"animated-headline.default\">\n\t\t\t\t<div class=\"elementor-widget-container\">\n\t\t\t<link rel=\"stylesheet\" href=\"http:\/\/windmillpattaya.com\/wp-content\/plugins\/elementor-pro\/assets\/css\/widget-animated-headline.min.css\">\t\t<h3 class=\"elementor-headline\">\n\t\t\t\t\t<span class=\"elementor-headline-plain-text elementor-headline-text-wrapper\">Pillua ilman <\/span>\n\t\t\t\t<span class=\"elementor-headline-dynamic-wrapper elementor-headline-text-wrapper\">\n\t\t\t\t\t<span class=\"elementor-headline-dynamic-text elementor-headline-text-active\">Asenne<\/span>\n\t\t\t\t<\/span>\n\t\t\t\t\t<span class=\"elementor-headline-plain-text elementor-headline-text-wrapper\">Windmill Club A Go go<\/span>\n\t\t\t\t\t<\/h3>\n\t\t\t\t<\/div>\n\t\t\t\t<\/div>\n\t\t\t\t<div class=\"elementor-element elementor-element-c2c5f71 elementor-widget elementor-widget-text-editor\" data-id=\"c2c5f71\" data-element_type=\"widget\" data-widget_type=\"text-editor.default\">\n\t\t\t\t<div class=\"elementor-widget-container\">\n\t\t\t<style>\/*! elementor - v3.22.0 - 24-06-2024 *\/\n.elementor-widget-text-editor.elementor-drop-cap-view-stacked .elementor-drop-cap{background-color:#69727d;color:#fff}.elementor-widget-text-editor.elementor-drop-cap-view-framed .elementor-drop-cap{color:#69727d;border:3px solid;background-color:transparent}.elementor-widget-text-editor:not(.elementor-drop-cap-view-default) .elementor-drop-cap{margin-top:8px}.elementor-widget-text-editor:not(.elementor-drop-cap-view-default) .elementor-drop-cap-letter{width:1em;height:1em}.elementor-widget-text-editor .elementor-drop-cap{float:left;text-align:center;line-height:1;font-size:50px}.elementor-widget-text-editor .elementor-drop-cap-letter{display:inline-block}<\/style>\t\t\t\t<section class=\"elementor-section elementor-top-section elementor-element elementor-element-6dbeaed8 elementor-section-boxed elementor-section-height-default elementor-section-height-default\" data-id=\"6dbeaed8\" data-element_type=\"section\" data-settings=\"{&quot;background_background&quot;:&quot;classic&quot;}\"><div class=\"elementor-container elementor-column-gap-default\"><div class=\"elementor-column elementor-col-100 elementor-top-column elementor-element elementor-element-4a7b6ecc\" data-id=\"4a7b6ecc\" data-element_type=\"column\"><div class=\"elementor-widget-wrap elementor-element-populated\"><div class=\"elementor-element elementor-element-eec9709 elementor-widget elementor-widget-text-editor\" data-id=\"eec9709\" data-element_type=\"widget\" data-widget_type=\"text-editor.default\"><div class=\"elementor-widget-container\"><p>TUULIMYYL\u00d6ST\u00c4<br \/>Tervetuloa Windmill A gogo -baariin, soi Diamond Walking Street Pattayassa, Thaimaassa. Tuulimyllyn tiedet\u00e4\u00e4n olevan Walking Streetin tuhma A gogo -baari.<\/p><p>Upea A gogo -baari, jossa voit tavata unelmiesi seksikk\u00e4\u00e4n thaimaalaisen tyt\u00f6n. Filosofiamme on yksinkertainen, meill\u00e4 on mahtava seura ja pid\u00e4mme hauskaa. Mottomme &quot;pillu ilman asennetta&quot;.<\/p><p>Vuodesta 2004 l\u00e4htien olemme jatkuvasti olleet yksi Pattayan kaupungin parhaista A gogo -baareista. Mutta \u00e4l\u00e4 usko sanaamme, vaan lue monien asiakkaidemme itsen\u00e4isesti kirjoitetut suosittelut, jotka suosittelevat meit\u00e4 yst\u00e4villeen ja palaavat aina uudestaan.<\/p><p>Baarimme on l\u00e4nsimaalaisten omistama ja yll\u00e4pit\u00e4m\u00e4 100%, joten jos sinulla on ongelmia tyt\u00f6n, henkil\u00f6kunnan j\u00e4senen tai laskun kanssa, ilmoita siit\u00e4 meille. L\u00e4nsimainen johtomme puhuu my\u00f6s thain kielt\u00e4.<\/p><p>Tuulimyllyklubilla on 8 isoa n\u00e4ytt\u00f6\u00e4 kahdessa kerroksessa, jotka n\u00e4ytt\u00e4v\u00e4t suoria urheilulajeja Thaimaan satelliitti-tv:st\u00e4 ja Yhdistyneess\u00e4 kuningaskunnassa tapahtuvaa taivasurheilua.<\/p><p>Joten et koskaan j\u00e4\u00e4 paitsi kaikista suosikkiurheilutapahtumistasi. Klubin sis\u00e4ll\u00e4 on 4 &quot;leikkilavaa&quot; ja jatkuva suihkuesitys. Ole hyv\u00e4 ja varoita, se, mit\u00e4 t\u00e4\u00e4ll\u00e4 tapahtuu, on maailmankuulua ja meill\u00e4 on hyvin kiireisi\u00e4. Rajoitettujen istumapaikkojen takia tule ajoissa pettymysten v\u00e4ltt\u00e4miseksi. Jos soitat tequilakelloa tuulimyllyklubilla, et tule saamaan ik\u00e4v\u00e4\u00e4 yll\u00e4tyst\u00e4 laskun tullessa.<\/p><p>Tyt\u00f6ille pullon ostaminen maksaa vain 4000 bahtia. Se on loistava tapa saada tyt\u00f6t huutamaan. Voit my\u00f6s olla ter\u00e4v\u00e4 ampuja 10 B52:lla tai Sambucalla 1200 bahtilla. Olemme ylpeit\u00e4 siit\u00e4, ett\u00e4 meill\u00e4 on t\u00f6iss\u00e4mme joitain koko Thaimaan seksikk\u00e4immist\u00e4 A gogo -tanssijista. Tyt\u00f6mme valitaan hyv\u00e4n ulkon\u00e4\u00f6n ja kykyns\u00e4 vuorovaikutukseen asiakkaiden kanssa.<\/p><p>Itse asiassa tytt\u00f6mme viev\u00e4t vuorovaikutuksen uudelle tasolle. Tule k\u00e4ym\u00e4\u00e4n katsomassa miten. \u00c4l\u00e4 unohda mottoamme \u201dpillu ilman asennetta\u201d. Jos sinulla on ongelmia tytt\u00f6jemme kanssa, voit vapaasti keskustella thaimaalaisen mamasangimme kanssa, joka ratkaisee kaikki ongelmat.<\/p><p>Katso, mit\u00e4 ihania tanssijoita meill\u00e4 on t\u00e4ll\u00e4 hetkell\u00e4 Katso ihania ja seksikk\u00e4it\u00e4 tanssijoitamme ja palveluhenkil\u00f6kuntaamme. Katso, tunnetko ket\u00e4\u00e4n tai haluatko tutustua joihinkin heist\u00e4 \u2013 ja muista k\u00e4yd\u00e4 my\u00f6s usein, jotta n\u00e4et uudet naisemme jatkuvasti. Lue lis\u00e4\u00e4 Miksi Windmill Club?\u00a0<a href=\"https:\/\/www.facebook.com\/WindmillClubPattaya\">Kuulehan<\/a>, ja katso miksi!<\/p><\/div><\/div><\/div><\/div><\/div><\/section><section class=\"elementor-section elementor-top-section elementor-element elementor-element-aba6916 elementor-section-boxed elementor-section-height-default elementor-section-height-default\" data-id=\"aba6916\" data-element_type=\"section\"><div class=\"elementor-container elementor-column-gap-default\"><div class=\"elementor-column elementor-col-100 elementor-top-column elementor-element elementor-element-fd61e84\" data-id=\"fd61e84\" data-element_type=\"column\"><div class=\"elementor-widget-wrap elementor-element-populated\"><div class=\"elementor-element elementor-element-394609d elementor-widget elementor-widget-html\" data-id=\"394609d\" data-element_type=\"widget\" data-widget_type=\"html.default\"><div class=\"elementor-widget-container\"><div class=\"ti-widget ti-goog\" data-layout-id=\"12\" data-set-id=\"drop-shadow\" data-pid=\"b5167179c03e50ec942cb\"><div class=\"ti-widget-container\"><div class=\"ti-large-logo\"><div class=\"ti-v-center\">\u00a0<\/div><\/div><\/div><\/div><\/div><\/div><\/div><\/div><\/div><\/section>\t\t\t\t\t\t<\/div>\n\t\t\t\t<\/div>\n\t\t\t\t\t<\/div>\n\t\t\t\t<\/div>\n\t\t\t\t\t<\/div>\n\t\t\t\t<\/div>\n\t\t\t\t<\/div>","protected":false},"excerpt":{"rendered":"<p>Pillua ilman asennetta Windmill Club A Go go TIETOJA WINDMILLISTATervetuloa Windmill A gogo -baariin, soi Diamond Walking Street Pattayassa, Thaimaassa. Tuulimyllyn tiedet\u00e4\u00e4n olevan Walking Streetin tuhma A gogo -baari. Upea A gogo -baari, jossa voit tavata unelmiesi seksikk\u00e4\u00e4n thaimaalaisen tyt\u00f6n. Filosofiamme on yksinkertainen, toimimme [\u2026]<\/p>","protected":false},"author":1,"featured_media":0,"parent":0,"menu_order":0,"comment_status":"closed","ping_status":"closed","template":"","meta":{"footnotes":""},"class_list":["post-21313","page","type-page","status-publish","hentry"],"_links":{"self":[{"href":"https:\/\/windmillpattaya.com\/fi\/wp-json\/wp\/v2\/pages\/21313"}],"collection":[{"href":"https:\/\/windmillpattaya.com\/fi\/wp-json\/wp\/v2\/pages"}],"about":[{"href":"https:\/\/windmillpattaya.com\/fi\/wp-json\/wp\/v2\/types\/page"}],"author":[{"embeddable":true,"href":"https:\/\/windmillpattaya.com\/fi\/wp-json\/wp\/v2\/users\/1"}],"replies":[{"embeddable":true,"href":"https:\/\/windmillpattaya.com\/fi\/wp-json\/wp\/v2\/comments?post=21313"}],"version-history":[{"count":0,"href":"https:\/\/windmillpattaya.com\/fi\/wp-json\/wp\/v2\/pages\/21313\/revisions"}],"wp:attachment":[{"href":"https:\/\/windmillpattaya.com\/fi\/wp-json\/wp\/v2\/media?parent=21313"}],"curies":[{"name":"wp","href":"https:\/\/api.w.org\/{rel}","templated":true}]}}