{"id":21313,"date":"2023-08-31T16:00:09","date_gmt":"2023-08-31T16:00:09","guid":{"rendered":"https:\/\/vps95228.inmotionhosting.com\/?page_id=21313"},"modified":"2023-10-08T12:58:58","modified_gmt":"2023-10-08T05:58:58","slug":"about-us","status":"publish","type":"page","link":"https:\/\/windmillpattaya.com\/fr\/a-propos-de-nous\/","title":{"rendered":"\u00c0 propos de nous"},"content":{"rendered":"<div data-elementor-type=\"wp-page\" data-elementor-id=\"21313\" class=\"elementor elementor-21313\" data-elementor-post-type=\"page\">\n\t\t\t\t<div class=\"elementor-element elementor-element-37f9c62 e-flex e-con-boxed e-con e-parent\" data-id=\"37f9c62\" data-element_type=\"container\">\n\t\t\t\t\t<div class=\"e-con-inner\">\n\t\t<div class=\"elementor-element elementor-element-f63f2c3 e-flex e-con-boxed e-con e-child\" data-id=\"f63f2c3\" data-element_type=\"container\">\n\t\t\t\t\t<div class=\"e-con-inner\">\n\t\t\t\t<div class=\"elementor-element elementor-element-0f582c2 elementor-headline--style-highlight elementor-widget elementor-widget-animated-headline\" data-id=\"0f582c2\" data-element_type=\"widget\" data-settings=\"{&quot;highlighted_text&quot;:&quot;Attitude&quot;,&quot;headline_style&quot;:&quot;highlight&quot;,&quot;marker&quot;:&quot;circle&quot;,&quot;loop&quot;:&quot;yes&quot;,&quot;highlight_animation_duration&quot;:1200,&quot;highlight_iteration_delay&quot;:8000}\" data-widget_type=\"animated-headline.default\">\n\t\t\t\t<div class=\"elementor-widget-container\">\n\t\t\t<link rel=\"stylesheet\" href=\"http:\/\/windmillpattaya.com\/wp-content\/plugins\/elementor-pro\/assets\/css\/widget-animated-headline.min.css\">\t\t<h3 class=\"elementor-headline\">\n\t\t\t\t\t<span class=\"elementor-headline-plain-text elementor-headline-text-wrapper\">Chatte sans <\/span>\n\t\t\t\t<span class=\"elementor-headline-dynamic-wrapper elementor-headline-text-wrapper\">\n\t\t\t\t\t<span class=\"elementor-headline-dynamic-text elementor-headline-text-active\">Attitude<\/span>\n\t\t\t\t<\/span>\n\t\t\t\t\t<span class=\"elementor-headline-plain-text elementor-headline-text-wrapper\">Windmill Club A Allez, allez<\/span>\n\t\t\t\t\t<\/h3>\n\t\t\t\t<\/div>\n\t\t\t\t<\/div>\n\t\t\t\t<div class=\"elementor-element elementor-element-c2c5f71 elementor-widget elementor-widget-text-editor\" data-id=\"c2c5f71\" data-element_type=\"widget\" data-widget_type=\"text-editor.default\">\n\t\t\t\t<div class=\"elementor-widget-container\">\n\t\t\t<style>\/*! elementor - v3.22.0 - 24-06-2024 *\/\n.elementor-widget-text-editor.elementor-drop-cap-view-stacked .elementor-drop-cap{background-color:#69727d;color:#fff}.elementor-widget-text-editor.elementor-drop-cap-view-framed .elementor-drop-cap{color:#69727d;border:3px solid;background-color:transparent}.elementor-widget-text-editor:not(.elementor-drop-cap-view-default) .elementor-drop-cap{margin-top:8px}.elementor-widget-text-editor:not(.elementor-drop-cap-view-default) .elementor-drop-cap-letter{width:1em;height:1em}.elementor-widget-text-editor .elementor-drop-cap{float:left;text-align:center;line-height:1;font-size:50px}.elementor-widget-text-editor .elementor-drop-cap-letter{display:inline-block}<\/style>\t\t\t\t<section class=\"elementor-section elementor-top-section elementor-element elementor-element-6dbeaed8 elementor-section-boxed elementor-section-height-default elementor-section-height-default\" data-id=\"6dbeaed8\" data-element_type=\"section\" data-settings=\"{&quot;background_background&quot;:&quot;classic&quot;}\"><div class=\"elementor-container elementor-column-gap-default\"><div class=\"elementor-column elementor-col-100 elementor-top-column elementor-element elementor-element-4a7b6ecc\" data-id=\"4a7b6ecc\" data-element_type=\"column\"><div class=\"elementor-widget-wrap elementor-element-populated\"><div class=\"elementor-element elementor-element-eec9709 elementor-widget elementor-widget-text-editor\" data-id=\"eec9709\" data-element_type=\"widget\" data-widget_type=\"text-editor.default\"><div class=\"elementor-widget-container\"><p>\u00c0 PROPOS DU MOULIN \u00c0 VENT<br \/>Bienvenue au Windmill A gogo bar, soi Diamond, pr\u00e8s de Walking Street Pattaya, en Tha\u00eflande. Windmill est connu pour \u00eatre le bar A gogo le plus coquin de Walking Street.<\/p><p>Un super A gogo bar pour rencontrer une fille tha\u00eflandaise sexy de vos r\u00eaves. Notre philosophie est simple, nous dirigeons un grand club et aimons nous amuser. Notre devise \u00ab chatte sans attitude \u00bb.<\/p><p>Depuis 2004, nous sommes toujours l&#039;un des meilleurs bars A gogo de la ville de Pattaya. Mais ne nous croyez pas sur parole, lisez les t\u00e9moignages r\u00e9dig\u00e9s de mani\u00e8re ind\u00e9pendante par nombre de nos clients qui nous recommandent \u00e0 leurs amis et reviennent encore et encore.<\/p><p>Notre bar appartient \u00e0 100% et est g\u00e9r\u00e9 par des occidentaux, donc si vous avez un probl\u00e8me avec une fille, un membre du personnel ou une facture, faites-le nous savoir. Nos dirigeants occidentaux parlent \u00e9galement le tha\u00ef.<\/p><p>Au club du moulin \u00e0 vent, nous disposons de 8 grands \u00e9crans r\u00e9partis sur deux \u00e9tages qui diffusent les sports en direct de la t\u00e9l\u00e9vision par satellite tha\u00eflandaise et des sports a\u00e9riens bas\u00e9s au Royaume-Uni.<\/p><p>Ainsi, vous ne manquerez rien de l\u2019action de tous vos \u00e9v\u00e9nements sportifs pr\u00e9f\u00e9r\u00e9s. \u00c0 l\u2019int\u00e9rieur du club, il y a 4 zones \u00ab play stage \u00bb et un spectacle de douches constant. Soyez averti, ce qui se passe ici est de renomm\u00e9e mondiale et nous sommes tr\u00e8s occup\u00e9s, avec des places limit\u00e9es, veuillez arriver t\u00f4t pour \u00e9viter toute d\u00e9ception. Si vous sonnez la cloche de la tequila au Windmill Club, vous n&#039;aurez pas de mauvaise surprise lorsque l&#039;addition arrivera.<\/p><p>C&#039;est juste 4 000 bahts pour acheter une bouteille aux filles. C&#039;est une excellente fa\u00e7on de faire crier les filles. Vous pouvez \u00e9galement \u00eatre un tireur d&#039;\u00e9lite avec 10 B52 ou Sambuca pour 1 200 bahts. Nous sommes fiers d&#039;avoir parmi nous certains des danseurs A gogo les plus sexy de toute la Tha\u00eflande. Nos filles sont s\u00e9lectionn\u00e9es pour leur beaut\u00e9 et leur capacit\u00e9 \u00e0 interagir avec les clients.<\/p><p>En fait, nos filles portent l&#039;interaction \u00e0 un nouveau niveau. Rendez-nous visite pour voir comment. N&#039;oubliez pas notre devise \u00ab chatte sans attitude \u00bb. Si vous avez des probl\u00e8mes avec nos filles, n&#039;h\u00e9sitez pas \u00e0 en parler avec notre mamasang tha\u00eflandaise, qui r\u00e9glera tous les probl\u00e8mes.<\/p><p>D\u00e9couvrez quelles charmantes danseuses nous avons en ce moment. D\u00e9couvrez nos charmantes et sexy danseuses et notre personnel de service. Voyez si vous connaissez quelqu\u2019un ou si vous souhaitez en conna\u00eetre quelques-uns \u2013 et assurez-vous \u00e9galement de revenir souvent pour voir nos nouvelles dames tout le temps. Lire la suite Pourquoi le Windmill Club ?\u00a0<a href=\"https:\/\/www.facebook.com\/WindmillClubPattaya\">Regardez ici<\/a>, et voyez pourquoi !<\/p><\/div><\/div><\/div><\/div><\/div><\/section><section class=\"elementor-section elementor-top-section elementor-element elementor-element-aba6916 elementor-section-boxed elementor-section-height-default elementor-section-height-default\" data-id=\"aba6916\" data-element_type=\"section\"><div class=\"elementor-container elementor-column-gap-default\"><div class=\"elementor-column elementor-col-100 elementor-top-column elementor-element elementor-element-fd61e84\" data-id=\"fd61e84\" data-element_type=\"column\"><div class=\"elementor-widget-wrap elementor-element-populated\"><div class=\"elementor-element elementor-element-394609d elementor-widget elementor-widget-html\" data-id=\"394609d\" data-element_type=\"widget\" data-widget_type=\"html.default\"><div class=\"elementor-widget-container\"><div class=\"ti-widget ti-goog\" data-layout-id=\"12\" data-set-id=\"drop-shadow\" data-pid=\"b5167179c03e50ec942cb\"><div class=\"ti-widget-container\"><div class=\"ti-large-logo\"><div class=\"ti-v-center\">\u00a0<\/div><\/div><\/div><\/div><\/div><\/div><\/div><\/div><\/div><\/section>\t\t\t\t\t\t<\/div>\n\t\t\t\t<\/div>\n\t\t\t\t\t<\/div>\n\t\t\t\t<\/div>\n\t\t\t\t\t<\/div>\n\t\t\t\t<\/div>\n\t\t\t\t<\/div>","protected":false},"excerpt":{"rendered":"<p>Chatte sans attitude Windmill Club A Go go \u00c0 PROPOS DE WINDMILLBienvenue au Windmill A gogo bar, soi Diamond off Walking Street Pattaya, Tha\u00eflande. Windmill est connu pour \u00eatre le bar A gogo le plus coquin de Walking Street. Un super A gogo bar pour rencontrer une fille tha\u00eflandaise sexy de vos r\u00eaves. Notre philosophie est simple, nous courons [\u2026]<\/p>","protected":false},"author":1,"featured_media":0,"parent":0,"menu_order":0,"comment_status":"closed","ping_status":"closed","template":"","meta":{"footnotes":""},"class_list":["post-21313","page","type-page","status-publish","hentry"],"_links":{"self":[{"href":"https:\/\/windmillpattaya.com\/fr\/wp-json\/wp\/v2\/pages\/21313"}],"collection":[{"href":"https:\/\/windmillpattaya.com\/fr\/wp-json\/wp\/v2\/pages"}],"about":[{"href":"https:\/\/windmillpattaya.com\/fr\/wp-json\/wp\/v2\/types\/page"}],"author":[{"embeddable":true,"href":"https:\/\/windmillpattaya.com\/fr\/wp-json\/wp\/v2\/users\/1"}],"replies":[{"embeddable":true,"href":"https:\/\/windmillpattaya.com\/fr\/wp-json\/wp\/v2\/comments?post=21313"}],"version-history":[{"count":0,"href":"https:\/\/windmillpattaya.com\/fr\/wp-json\/wp\/v2\/pages\/21313\/revisions"}],"wp:attachment":[{"href":"https:\/\/windmillpattaya.com\/fr\/wp-json\/wp\/v2\/media?parent=21313"}],"curies":[{"name":"wp","href":"https:\/\/api.w.org\/{rel}","templated":true}]}}