{"id":21313,"date":"2023-08-31T16:00:09","date_gmt":"2023-08-31T16:00:09","guid":{"rendered":"https:\/\/vps95228.inmotionhosting.com\/?page_id=21313"},"modified":"2023-10-08T12:58:58","modified_gmt":"2023-10-08T05:58:58","slug":"about-us","status":"publish","type":"page","link":"https:\/\/windmillpattaya.com\/pt\/sobre-nos\/","title":{"rendered":"Sobre n\u00f3s"},"content":{"rendered":"<div data-elementor-type=\"wp-page\" data-elementor-id=\"21313\" class=\"elementor elementor-21313\" data-elementor-post-type=\"page\">\n\t\t\t\t<div class=\"elementor-element elementor-element-37f9c62 e-flex e-con-boxed e-con e-parent\" data-id=\"37f9c62\" data-element_type=\"container\">\n\t\t\t\t\t<div class=\"e-con-inner\">\n\t\t<div class=\"elementor-element elementor-element-f63f2c3 e-flex e-con-boxed e-con e-child\" data-id=\"f63f2c3\" data-element_type=\"container\">\n\t\t\t\t\t<div class=\"e-con-inner\">\n\t\t\t\t<div class=\"elementor-element elementor-element-0f582c2 elementor-headline--style-highlight elementor-widget elementor-widget-animated-headline\" data-id=\"0f582c2\" data-element_type=\"widget\" data-settings=\"{&quot;highlighted_text&quot;:&quot;Attitude&quot;,&quot;headline_style&quot;:&quot;highlight&quot;,&quot;marker&quot;:&quot;circle&quot;,&quot;loop&quot;:&quot;yes&quot;,&quot;highlight_animation_duration&quot;:1200,&quot;highlight_iteration_delay&quot;:8000}\" data-widget_type=\"animated-headline.default\">\n\t\t\t\t<div class=\"elementor-widget-container\">\n\t\t\t<link rel=\"stylesheet\" href=\"http:\/\/windmillpattaya.com\/wp-content\/plugins\/elementor-pro\/assets\/css\/widget-animated-headline.min.css\">\t\t<h3 class=\"elementor-headline\">\n\t\t\t\t\t<span class=\"elementor-headline-plain-text elementor-headline-text-wrapper\">Buceta sem <\/span>\n\t\t\t\t<span class=\"elementor-headline-dynamic-wrapper elementor-headline-text-wrapper\">\n\t\t\t\t\t<span class=\"elementor-headline-dynamic-text elementor-headline-text-active\">Atitude<\/span>\n\t\t\t\t<\/span>\n\t\t\t\t\t<span class=\"elementor-headline-plain-text elementor-headline-text-wrapper\">Clube do Moinho de Vento A Go Go<\/span>\n\t\t\t\t\t<\/h3>\n\t\t\t\t<\/div>\n\t\t\t\t<\/div>\n\t\t\t\t<div class=\"elementor-element elementor-element-c2c5f71 elementor-widget elementor-widget-text-editor\" data-id=\"c2c5f71\" data-element_type=\"widget\" data-widget_type=\"text-editor.default\">\n\t\t\t\t<div class=\"elementor-widget-container\">\n\t\t\t<style>\/*! elementor - v3.22.0 - 24-06-2024 *\/\n.elementor-widget-text-editor.elementor-drop-cap-view-stacked .elementor-drop-cap{background-color:#69727d;color:#fff}.elementor-widget-text-editor.elementor-drop-cap-view-framed .elementor-drop-cap{color:#69727d;border:3px solid;background-color:transparent}.elementor-widget-text-editor:not(.elementor-drop-cap-view-default) .elementor-drop-cap{margin-top:8px}.elementor-widget-text-editor:not(.elementor-drop-cap-view-default) .elementor-drop-cap-letter{width:1em;height:1em}.elementor-widget-text-editor .elementor-drop-cap{float:left;text-align:center;line-height:1;font-size:50px}.elementor-widget-text-editor .elementor-drop-cap-letter{display:inline-block}<\/style>\t\t\t\t<section class=\"elementor-section elementor-top-section elementor-element elementor-element-6dbeaed8 elementor-section-boxed elementor-section-height-default elementor-section-height-default\" data-id=\"6dbeaed8\" data-element_type=\"section\" data-settings=\"{&quot;background_background&quot;:&quot;classic&quot;}\"><div class=\"elementor-container elementor-column-gap-default\"><div class=\"elementor-column elementor-col-100 elementor-top-column elementor-element elementor-element-4a7b6ecc\" data-id=\"4a7b6ecc\" data-element_type=\"column\"><div class=\"elementor-widget-wrap elementor-element-populated\"><div class=\"elementor-element elementor-element-eec9709 elementor-widget elementor-widget-text-editor\" data-id=\"eec9709\" data-element_type=\"widget\" data-widget_type=\"text-editor.default\"><div class=\"elementor-widget-container\"><p>SOBRE O MOINHO DE VENTO<br \/>Bem-vindo ao Windmill A gogo bar, soi Diamond na Walking Street Pattaya, Tail\u00e2ndia. Windmill \u00e9 conhecido por ser o bar gogo mais perverso de Walking Street.<\/p><p>Um \u00f3timo bar gogo para conhecer a garota tailandesa sexy dos seus sonhos. Nossa filosofia \u00e9 simples, administramos um \u00f3timo clube e gostamos de nos divertir. Nosso lema \u201cbuceta sem atitude\u201d.<\/p><p>Desde 2004, temos sido consistentemente um dos melhores bares A gogo da cidade de Pattaya. Mas n\u00e3o acredite apenas na nossa palavra, leia os depoimentos escritos de forma independente por muitos de nossos clientes que nos recomendam a seus amigos e voltam para mais vezes.<\/p><p>Nosso bar pertence e \u00e9 administrado por ocidentais, ent\u00e3o se voc\u00ea tiver algum problema com uma garota, membro da equipe ou uma conta, avise-nos. Nossa administra\u00e7\u00e3o ocidental tamb\u00e9m fala tailand\u00eas.<\/p><p>No clube do moinho de vento, temos 8 tel\u00f5es em dois andares mostrando esportes ao vivo da TV via sat\u00e9lite tailandesa e esportes a\u00e9reos do Reino Unido.<\/p><p>Assim, voc\u00ea nunca perder\u00e1 nenhuma a\u00e7\u00e3o de todos os seus eventos esportivos favoritos. Dentro do clube, h\u00e1 4 \u00e1reas de \u201cplay stage\u201d e um show constante de chuveiros. Esteja avisado, o que acontece aqui \u00e9 mundialmente famoso e ficamos muito ocupados, com lugares limitados, por favor chegue cedo para evitar decep\u00e7\u00f5es. Se voc\u00ea tocar a campainha da tequila no clube do moinho de vento, n\u00e3o receber\u00e1 uma surpresa desagrad\u00e1vel quando a conta chegar.<\/p><p>S\u00e3o apenas 4.000 baht para comprar uma garrafa para as meninas. \u00c9 uma \u00f3tima maneira de fazer as meninas gritarem. Voc\u00ea tamb\u00e9m pode ser um atirador afiado com 10 B52 ou Sambuca por 1200 baht. Temos orgulho de ter alguns dos dan\u00e7arinos de gogo mais sexy de toda a Tail\u00e2ndia trabalhando para n\u00f3s. Nossas meninas s\u00e3o selecionadas por sua boa apar\u00eancia e capacidade de interagir com os clientes.<\/p><p>Na verdade, nossas meninas levam a intera\u00e7\u00e3o a um novo n\u00edvel. Fa\u00e7a-nos uma visita para saber como. N\u00e3o se esque\u00e7a do nosso lema \u201cbuceta sem atitude\u201d. Se voc\u00ea tiver algum problema com nossas meninas, fique \u00e0 vontade para conversar com nossa mamasang tailandesa, que resolver\u00e1 qualquer problema.<\/p><p>Veja quais lindas dan\u00e7arinas temos no momento Veja nossas lindas e sexy dan\u00e7arinas e equipe de servi\u00e7o. Veja se voc\u00ea conhece algu\u00e9m ou quer conhecer alguns deles - e n\u00e3o deixe de voltar sempre, para ver nossas novas garotas o tempo todo. Leia mais Por que o Windmill Club?\u00a0<a href=\"https:\/\/www.facebook.com\/WindmillClubPattaya\">Olhe aqui<\/a>e veja por qu\u00ea!<\/p><\/div><\/div><\/div><\/div><\/div><\/section><section class=\"elementor-section elementor-top-section elementor-element elementor-element-aba6916 elementor-section-boxed elementor-section-height-default elementor-section-height-default\" data-id=\"aba6916\" data-element_type=\"section\"><div class=\"elementor-container elementor-column-gap-default\"><div class=\"elementor-column elementor-col-100 elementor-top-column elementor-element elementor-element-fd61e84\" data-id=\"fd61e84\" data-element_type=\"column\"><div class=\"elementor-widget-wrap elementor-element-populated\"><div class=\"elementor-element elementor-element-394609d elementor-widget elementor-widget-html\" data-id=\"394609d\" data-element_type=\"widget\" data-widget_type=\"html.default\"><div class=\"elementor-widget-container\"><div class=\"ti-widget ti-goog\" data-layout-id=\"12\" data-set-id=\"drop-shadow\" data-pid=\"b5167179c03e50ec942cb\"><div class=\"ti-widget-container\"><div class=\"ti-large-logo\"><div class=\"ti-v-center\">\u00a0<\/div><\/div><\/div><\/div><\/div><\/div><\/div><\/div><\/div><\/section>\t\t\t\t\t\t<\/div>\n\t\t\t\t<\/div>\n\t\t\t\t\t<\/div>\n\t\t\t\t<\/div>\n\t\t\t\t\t<\/div>\n\t\t\t\t<\/div>\n\t\t\t\t<\/div>","protected":false},"excerpt":{"rendered":"<p>Buceta sem atitude Windmill Club A Go go SOBRE WINDMILLBem-vindo ao Windmill A gogo bar, soi Diamond na Walking Street Pattaya, Tail\u00e2ndia. Windmill \u00e9 conhecido por ser o bar gogo mais perverso de Walking Street. Um \u00f3timo bar gogo para conhecer a garota tailandesa sexy dos seus sonhos. Nossa filosofia \u00e9 simples, corremos [...]<\/p>","protected":false},"author":1,"featured_media":0,"parent":0,"menu_order":0,"comment_status":"closed","ping_status":"closed","template":"","meta":{"footnotes":""},"class_list":["post-21313","page","type-page","status-publish","hentry"],"_links":{"self":[{"href":"https:\/\/windmillpattaya.com\/pt\/wp-json\/wp\/v2\/pages\/21313"}],"collection":[{"href":"https:\/\/windmillpattaya.com\/pt\/wp-json\/wp\/v2\/pages"}],"about":[{"href":"https:\/\/windmillpattaya.com\/pt\/wp-json\/wp\/v2\/types\/page"}],"author":[{"embeddable":true,"href":"https:\/\/windmillpattaya.com\/pt\/wp-json\/wp\/v2\/users\/1"}],"replies":[{"embeddable":true,"href":"https:\/\/windmillpattaya.com\/pt\/wp-json\/wp\/v2\/comments?post=21313"}],"version-history":[{"count":0,"href":"https:\/\/windmillpattaya.com\/pt\/wp-json\/wp\/v2\/pages\/21313\/revisions"}],"wp:attachment":[{"href":"https:\/\/windmillpattaya.com\/pt\/wp-json\/wp\/v2\/media?parent=21313"}],"curies":[{"name":"wp","href":"https:\/\/api.w.org\/{rel}","templated":true}]}}