{"id":21313,"date":"2023-08-31T16:00:09","date_gmt":"2023-08-31T16:00:09","guid":{"rendered":"https:\/\/vps95228.inmotionhosting.com\/?page_id=21313"},"modified":"2023-10-08T12:58:58","modified_gmt":"2023-10-08T05:58:58","slug":"about-us","status":"publish","type":"page","link":"https:\/\/windmillpattaya.com\/sv\/om-oss\/","title":{"rendered":"Om oss"},"content":{"rendered":"<div data-elementor-type=\"wp-page\" data-elementor-id=\"21313\" class=\"elementor elementor-21313\" data-elementor-post-type=\"page\">\n\t\t\t\t<div class=\"elementor-element elementor-element-37f9c62 e-flex e-con-boxed e-con e-parent\" data-id=\"37f9c62\" data-element_type=\"container\">\n\t\t\t\t\t<div class=\"e-con-inner\">\n\t\t<div class=\"elementor-element elementor-element-f63f2c3 e-flex e-con-boxed e-con e-child\" data-id=\"f63f2c3\" data-element_type=\"container\">\n\t\t\t\t\t<div class=\"e-con-inner\">\n\t\t\t\t<div class=\"elementor-element elementor-element-0f582c2 elementor-headline--style-highlight elementor-widget elementor-widget-animated-headline\" data-id=\"0f582c2\" data-element_type=\"widget\" data-settings=\"{&quot;highlighted_text&quot;:&quot;Attitude&quot;,&quot;headline_style&quot;:&quot;highlight&quot;,&quot;marker&quot;:&quot;circle&quot;,&quot;loop&quot;:&quot;yes&quot;,&quot;highlight_animation_duration&quot;:1200,&quot;highlight_iteration_delay&quot;:8000}\" data-widget_type=\"animated-headline.default\">\n\t\t\t\t<div class=\"elementor-widget-container\">\n\t\t\t<link rel=\"stylesheet\" href=\"http:\/\/windmillpattaya.com\/wp-content\/plugins\/elementor-pro\/assets\/css\/widget-animated-headline.min.css\">\t\t<h3 class=\"elementor-headline\">\n\t\t\t\t\t<span class=\"elementor-headline-plain-text elementor-headline-text-wrapper\">fitta utan <\/span>\n\t\t\t\t<span class=\"elementor-headline-dynamic-wrapper elementor-headline-text-wrapper\">\n\t\t\t\t\t<span class=\"elementor-headline-dynamic-text elementor-headline-text-active\">Attityd<\/span>\n\t\t\t\t<\/span>\n\t\t\t\t\t<span class=\"elementor-headline-plain-text elementor-headline-text-wrapper\">Windmill Club A Go go<\/span>\n\t\t\t\t\t<\/h3>\n\t\t\t\t<\/div>\n\t\t\t\t<\/div>\n\t\t\t\t<div class=\"elementor-element elementor-element-c2c5f71 elementor-widget elementor-widget-text-editor\" data-id=\"c2c5f71\" data-element_type=\"widget\" data-widget_type=\"text-editor.default\">\n\t\t\t\t<div class=\"elementor-widget-container\">\n\t\t\t<style>\/*! elementor - v3.22.0 - 24-06-2024 *\/\n.elementor-widget-text-editor.elementor-drop-cap-view-stacked .elementor-drop-cap{background-color:#69727d;color:#fff}.elementor-widget-text-editor.elementor-drop-cap-view-framed .elementor-drop-cap{color:#69727d;border:3px solid;background-color:transparent}.elementor-widget-text-editor:not(.elementor-drop-cap-view-default) .elementor-drop-cap{margin-top:8px}.elementor-widget-text-editor:not(.elementor-drop-cap-view-default) .elementor-drop-cap-letter{width:1em;height:1em}.elementor-widget-text-editor .elementor-drop-cap{float:left;text-align:center;line-height:1;font-size:50px}.elementor-widget-text-editor .elementor-drop-cap-letter{display:inline-block}<\/style>\t\t\t\t<section class=\"elementor-section elementor-top-section elementor-element elementor-element-6dbeaed8 elementor-section-boxed elementor-section-height-default elementor-section-height-default\" data-id=\"6dbeaed8\" data-element_type=\"section\" data-settings=\"{&quot;background_background&quot;:&quot;classic&quot;}\"><div class=\"elementor-container elementor-column-gap-default\"><div class=\"elementor-column elementor-col-100 elementor-top-column elementor-element elementor-element-4a7b6ecc\" data-id=\"4a7b6ecc\" data-element_type=\"column\"><div class=\"elementor-widget-wrap elementor-element-populated\"><div class=\"elementor-element elementor-element-eec9709 elementor-widget elementor-widget-text-editor\" data-id=\"eec9709\" data-element_type=\"widget\" data-widget_type=\"text-editor.default\"><div class=\"elementor-widget-container\"><p>OM V\u00c4DERKVARN<br \/>V\u00e4lkommen till Windmill A gogo bar, soi Diamond utanf\u00f6r Walking Street Pattaya, Thailand. Windmill \u00e4r k\u00e4nt f\u00f6r att vara den styggaste A gogo-baren p\u00e5 Walking Street.<\/p><p>En fantastisk gogobar f\u00f6r att tr\u00e4ffa en sexig thail\u00e4ndsk tjej i dina dr\u00f6mmar. V\u00e5r filosofi \u00e4r enkel, vi driver en fantastisk klubb och gillar att ha kul. V\u00e5rt motto &quot;fitta utan attityd&quot;.<\/p><p>Sedan 2004 har vi konsekvent varit en av de b\u00e4sta A gogo-barerna i Pattaya stad. Men ta inte v\u00e5rt ord f\u00f6r det, l\u00e4s de oberoende skrivna vittnesm\u00e5len fr\u00e5n m\u00e5nga av v\u00e5ra kunder som rekommenderar oss till sina v\u00e4nner och kommer tillbaka f\u00f6r mer g\u00e5ng p\u00e5 g\u00e5ng.<\/p><p>V\u00e5r bar \u00e4gs och drivs av 100% av v\u00e4sterl\u00e4nningar, s\u00e5 om du har problem med en tjej, personal eller en r\u00e4kning, l\u00e5t oss veta. V\u00e5r v\u00e4sterl\u00e4ndska ledning talar thail\u00e4ndska ocks\u00e5.<\/p><p>P\u00e5 v\u00e4derkvarnsklubben har vi 8 stora sk\u00e4rmar p\u00e5 tv\u00e5 v\u00e5ningar som visar direkts\u00e4nd sport fr\u00e5n thail\u00e4ndsk satellit-tv och ukbaserad skysport.<\/p><p>S\u00e5 du kommer aldrig att missa n\u00e5gonting av h\u00e4ndelserna fr\u00e5n alla dina favoritsportevenemang. Inne i klubben finns det 4 &quot;lekscen&quot;-omr\u00e5den och en konstant duschshow. V\u00e4nligen varnas, det som h\u00e4nder h\u00e4r \u00e4r v\u00e4rldsber\u00f6mt och vi blir v\u00e4ldigt upptagna, med begr\u00e4nsade sittplatser v\u00e4nligen kom tidigt f\u00f6r att undvika besvikelse. Ringer du p\u00e5 tequilaklockan p\u00e5 v\u00e4derkvarnklubben f\u00e5r du ingen ot\u00e4ck \u00f6verraskning n\u00e4r notan kommer.<\/p><p>Det \u00e4r bara 4 000 baht att k\u00f6pa flickorna en flaska. Det \u00e4r ett bra s\u00e4tt att f\u00e5 tjejerna att skrika. Du kan ocks\u00e5 vara en skarpskytt med 10 B52 eller Sambuca f\u00f6r 1200 baht. Vi \u00e4r stolta \u00f6ver att ha n\u00e5gra av de sexigaste A gogo-dansarna i hela Thailand som arbetar f\u00f6r oss. V\u00e5ra tjejer \u00e4r utvalda f\u00f6r sitt snygga utseende och f\u00f6rm\u00e5ga att interagera med kunderna.<\/p><p>Faktum \u00e4r att v\u00e5ra tjejer tar interaktionen till en ny niv\u00e5. Bes\u00f6k oss f\u00f6r att se hur. Gl\u00f6m inte v\u00e5rt motto &quot;fitta utan attityd&quot;. Om du har n\u00e5gra problem med v\u00e5ra tjejer, var fri att prata med v\u00e5r thail\u00e4ndska mamasang, som l\u00f6ser eventuella problem.<\/p><p>Se vilka h\u00e4rliga dansare vi har f\u00f6r tillf\u00e4llet Se v\u00e5ra h\u00e4rliga och sexiga dansare och servicepersonal. Se om du k\u00e4nner n\u00e5gon eller vill l\u00e4ra k\u00e4nna n\u00e5gra av dem \u2013 och se till att du ocks\u00e5 tittar in ofta f\u00f6r att se v\u00e5ra nya damer hela tiden. L\u00e4s mer Varf\u00f6r The Windmill Club?\u00a0<a href=\"https:\/\/www.facebook.com\/WindmillClubPattaya\">Titta h\u00e4r<\/a>, och se varf\u00f6r!<\/p><\/div><\/div><\/div><\/div><\/div><\/section><section class=\"elementor-section elementor-top-section elementor-element elementor-element-aba6916 elementor-section-boxed elementor-section-height-default elementor-section-height-default\" data-id=\"aba6916\" data-element_type=\"section\"><div class=\"elementor-container elementor-column-gap-default\"><div class=\"elementor-column elementor-col-100 elementor-top-column elementor-element elementor-element-fd61e84\" data-id=\"fd61e84\" data-element_type=\"column\"><div class=\"elementor-widget-wrap elementor-element-populated\"><div class=\"elementor-element elementor-element-394609d elementor-widget elementor-widget-html\" data-id=\"394609d\" data-element_type=\"widget\" data-widget_type=\"html.default\"><div class=\"elementor-widget-container\"><div class=\"ti-widget ti-goog\" data-layout-id=\"12\" data-set-id=\"drop-shadow\" data-pid=\"b5167179c03e50ec942cb\"><div class=\"ti-widget-container\"><div class=\"ti-large-logo\"><div class=\"ti-v-center\">\u00a0<\/div><\/div><\/div><\/div><\/div><\/div><\/div><\/div><\/div><\/section>\t\t\t\t\t\t<\/div>\n\t\t\t\t<\/div>\n\t\t\t\t\t<\/div>\n\t\t\t\t<\/div>\n\t\t\t\t\t<\/div>\n\t\t\t\t<\/div>\n\t\t\t\t<\/div>","protected":false},"excerpt":{"rendered":"<p>Pussy utan attityd Windmill Club A Go go OM WINDMILLV\u00e4lkommen till Windmill A gogo bar, soi Diamond utanf\u00f6r Walking Street Pattaya, Thailand. Windmill \u00e4r k\u00e4nt f\u00f6r att vara den styggaste A gogo-baren p\u00e5 Walking Street. En fantastisk gogobar f\u00f6r att tr\u00e4ffa en sexig thail\u00e4ndsk tjej i dina dr\u00f6mmar. V\u00e5r filosofi \u00e4r enkel, vi k\u00f6r [\u2026]<\/p>","protected":false},"author":1,"featured_media":0,"parent":0,"menu_order":0,"comment_status":"closed","ping_status":"closed","template":"","meta":{"footnotes":""},"class_list":["post-21313","page","type-page","status-publish","hentry"],"_links":{"self":[{"href":"https:\/\/windmillpattaya.com\/sv\/wp-json\/wp\/v2\/pages\/21313"}],"collection":[{"href":"https:\/\/windmillpattaya.com\/sv\/wp-json\/wp\/v2\/pages"}],"about":[{"href":"https:\/\/windmillpattaya.com\/sv\/wp-json\/wp\/v2\/types\/page"}],"author":[{"embeddable":true,"href":"https:\/\/windmillpattaya.com\/sv\/wp-json\/wp\/v2\/users\/1"}],"replies":[{"embeddable":true,"href":"https:\/\/windmillpattaya.com\/sv\/wp-json\/wp\/v2\/comments?post=21313"}],"version-history":[{"count":0,"href":"https:\/\/windmillpattaya.com\/sv\/wp-json\/wp\/v2\/pages\/21313\/revisions"}],"wp:attachment":[{"href":"https:\/\/windmillpattaya.com\/sv\/wp-json\/wp\/v2\/media?parent=21313"}],"curies":[{"name":"wp","href":"https:\/\/api.w.org\/{rel}","templated":true}]}}