{"id":23052,"date":"2023-09-07T20:18:55","date_gmt":"2023-09-07T13:18:55","guid":{"rendered":"http:\/\/windmillpattaya.com\/?page_id=23052"},"modified":"2023-09-07T20:22:02","modified_gmt":"2023-09-07T13:22:02","slug":"testimonials","status":"publish","type":"page","link":"https:\/\/windmillpattaya.com\/sv\/vittnesmal\/","title":{"rendered":"vittnesm\u00e5l"},"content":{"rendered":"<div data-elementor-type=\"wp-page\" data-elementor-id=\"23052\" class=\"elementor elementor-23052\" data-elementor-post-type=\"page\">\n\t\t\t\t\t\t<section class=\"elementor-section elementor-top-section elementor-element elementor-element-cd730e2 elementor-section-boxed elementor-section-height-default elementor-section-height-default\" data-id=\"cd730e2\" data-element_type=\"section\">\n\t\t\t\t\t\t<div class=\"elementor-container elementor-column-gap-default\">\n\t\t\t\t\t<div class=\"elementor-column elementor-col-50 elementor-top-column elementor-element elementor-element-d44cdd5\" data-id=\"d44cdd5\" data-element_type=\"column\">\n\t\t\t<div class=\"elementor-widget-wrap elementor-element-populated\">\n\t\t\t\t\t\t<div class=\"elementor-element elementor-element-a53809f elementor-widget elementor-widget-text-editor\" data-id=\"a53809f\" data-element_type=\"widget\" data-widget_type=\"text-editor.default\">\n\t\t\t\t<div class=\"elementor-widget-container\">\n\t\t\t<style>\/*! elementor - v3.22.0 - 24-06-2024 *\/\n.elementor-widget-text-editor.elementor-drop-cap-view-stacked .elementor-drop-cap{background-color:#69727d;color:#fff}.elementor-widget-text-editor.elementor-drop-cap-view-framed .elementor-drop-cap{color:#69727d;border:3px solid;background-color:transparent}.elementor-widget-text-editor:not(.elementor-drop-cap-view-default) .elementor-drop-cap{margin-top:8px}.elementor-widget-text-editor:not(.elementor-drop-cap-view-default) .elementor-drop-cap-letter{width:1em;height:1em}.elementor-widget-text-editor .elementor-drop-cap{float:left;text-align:center;line-height:1;font-size:50px}.elementor-widget-text-editor .elementor-drop-cap-letter{display:inline-block}<\/style>\t\t\t\t<p>Jag skulle definitivt vilja skriva om denna v\u00e4derkvarnsbar ! Att vara indisk m\u00e5nga andra go go bar s\u00e4kerhet neka intr\u00e4de \u00f6verraskande nog inte h\u00e4nt med v\u00e4derkvarn bar! Jag uppskattar ledningen f\u00f6r att de \u00e4r icke-rasistiska! Det \u00e4r en mycket trevlig go go-bar. Jag tog en drink och fick ocks\u00e5 en damdrink till artisten! De tvingar eller tvingar aldrig att det \u00e4r en av de b\u00e4sta st\u00e4llena att slappna av ... vi kommer alla med olika bakgrunder till Thailand och milj\u00f6n som denna plats erbjuder \u00e4r lovv\u00e4rd! Definitivt en 5-stj\u00e4rnig \u2b50\ufe0f upplevelse och jag skulle rekommendera alla och jag skulle \u00e4lska att bes\u00f6ka igen.<\/p><ul><li><a href=\"https:\/\/www.google.com\/maps\/contrib\/109228017690049414407?hl=nl&amp;sa=X&amp;ved=2ahUKEwjZi52ky5iBAxWf0wIHHVFzB1MQvvQBegQIARBR\">udhakar S<\/a><\/li><\/ul>\t\t\t\t\t\t<\/div>\n\t\t\t\t<\/div>\n\t\t\t\t\t<\/div>\n\t\t<\/div>\n\t\t\t\t<div class=\"elementor-column elementor-col-50 elementor-top-column elementor-element elementor-element-ee5733d\" data-id=\"ee5733d\" data-element_type=\"column\">\n\t\t\t<div class=\"elementor-widget-wrap elementor-element-populated\">\n\t\t\t\t\t\t<div class=\"elementor-element elementor-element-db79230 elementor-widget elementor-widget-text-editor\" data-id=\"db79230\" data-element_type=\"widget\" data-widget_type=\"text-editor.default\">\n\t\t\t\t<div class=\"elementor-widget-container\">\n\t\t\t\t\t\t\t<p>Det var f\u00f6rsta g\u00e5ngen jag gjorde det h\u00e4r. Detta var fantastiskt mamasan var mycket v\u00e4nlig. Hade mycket ladydrinks till damer. \u00c5kte dit regelbundet f\u00f6r 4 n\u00e4tter eftersom no go go \u00e4r b\u00e4ttre p\u00e5 hela g\u00e5gatan. Kontrollerade personligen bes\u00f6ker 90% i det omr\u00e5det. Slutligen var valet som jag skrev in det f\u00f6rsta i walking street p\u00e5 den f\u00f6rsta dagen. Heja ledningen<\/p><ul><li><a href=\"https:\/\/www.google.com\/maps\/contrib\/108962915157988219385?hl=nl&amp;sa=X&amp;ved=2ahUKEwjZi52ky5iBAxWf0wIHHVFzB1MQvvQBegQIARB4\">sameer singh<\/a><\/li><\/ul>\t\t\t\t\t\t<\/div>\n\t\t\t\t<\/div>\n\t\t\t\t\t<\/div>\n\t\t<\/div>\n\t\t\t\t\t<\/div>\n\t\t<\/section>\n\t\t\t\t<section class=\"elementor-section elementor-top-section elementor-element elementor-element-2b77df6 elementor-section-boxed elementor-section-height-default elementor-section-height-default\" data-id=\"2b77df6\" data-element_type=\"section\">\n\t\t\t\t\t\t<div class=\"elementor-container elementor-column-gap-default\">\n\t\t\t\t\t<div class=\"elementor-column elementor-col-50 elementor-top-column elementor-element elementor-element-ac84269\" data-id=\"ac84269\" data-element_type=\"column\">\n\t\t\t<div class=\"elementor-widget-wrap elementor-element-populated\">\n\t\t\t\t\t\t<div class=\"elementor-element elementor-element-bb9b5e7 elementor-widget elementor-widget-text-editor\" data-id=\"bb9b5e7\" data-element_type=\"widget\" data-widget_type=\"text-editor.default\">\n\t\t\t\t<div class=\"elementor-widget-container\">\n\t\t\t\t\t\t\t<div class=\"jxjCjc\"><div class=\"gQfZge\"><div class=\"BgXiYe\"><div><div class=\"Jtu6Td\"><span tabindex=\"-1\" data-expandable-section=\"\">De b\u00e4sta go go bar ter v\u00e4rlden alla meiden spir poedeltje naakt.Schitterend.<\/span><\/div><div class=\"hTt9T\">\u00a0<\/div><\/div><\/div><\/div><\/div><div class=\"GmO6pf\">\u2013 Dirk Verboom<\/div>\t\t\t\t\t\t<\/div>\n\t\t\t\t<\/div>\n\t\t\t\t\t<\/div>\n\t\t<\/div>\n\t\t\t\t<div class=\"elementor-column elementor-col-50 elementor-top-column elementor-element elementor-element-909422e\" data-id=\"909422e\" data-element_type=\"column\">\n\t\t\t<div class=\"elementor-widget-wrap elementor-element-populated\">\n\t\t\t\t\t\t<div class=\"elementor-element elementor-element-ce04ee7 elementor-widget elementor-widget-text-editor\" data-id=\"ce04ee7\" data-element_type=\"widget\" data-widget_type=\"text-editor.default\">\n\t\t\t\t<div class=\"elementor-widget-container\">\n\t\t\t\t\t\t\t<p>\u5973\u306e\u5b50\u306b\u304a\u9152\u3092\u5962\u308b\u3068\u307f\u3093\u306a\u30ce\u30ea\u304c\u826f\u304f\u3066\u697d\u3057\u3081\u307e\u3059\u3002\u5973\u306e\u5b50\u306f\u6574\u5f62\u306f\u6542\u3042\u307e\u308a\u3044\u306a\u304f\u81ea\u7136\u306a\u611f\u3058\u306a\u5a18\u304c\u591a\u3044\u3067\u3059\u3002\u521d\u3081\u3066\u30d1\u30bf\u30e4\u306b\u6765\u305f\u306e\u3067\u3059\u3043\u756a\u597d\u304d\u306a\u304a\u5e97\u306b\u306a\u308a\u307e\u3057\u305f\u3002\u6700\u9ad8\u306e\u304a\u5e97\u3067\u3059\u3002<\/p><p>&#8211; <a href=\"https:\/\/www.google.com\/maps\/contrib\/106605160602865985956?hl=nl&amp;sa=X&amp;ved=2ahUKEwjZi52ky5iBAxWf0wIHHVFzB1MQvvQBegQIARAi\">\u5317\u6d77\u592a\u90ce<\/a><\/p>\t\t\t\t\t\t<\/div>\n\t\t\t\t<\/div>\n\t\t\t\t\t<\/div>\n\t\t<\/div>\n\t\t\t\t\t<\/div>\n\t\t<\/section>\n\t\t\t\t<\/div>","protected":false},"excerpt":{"rendered":"<p>Jag skulle definitivt vilja skriva om denna v\u00e4derkvarnsbar ! Att vara indisk m\u00e5nga andra go go bar s\u00e4kerhet neka intr\u00e4de \u00f6verraskande nog inte h\u00e4nt med v\u00e4derkvarn bar! Jag uppskattar ledningen f\u00f6r att de \u00e4r icke-rasistiska! Det \u00e4r en mycket trevlig go go-bar jag tog en drink och fick \u00e4ven en damdrink [\u2026]<\/p>","protected":false},"author":1,"featured_media":0,"parent":0,"menu_order":0,"comment_status":"closed","ping_status":"closed","template":"","meta":{"footnotes":""},"class_list":["post-23052","page","type-page","status-publish","hentry"],"_links":{"self":[{"href":"https:\/\/windmillpattaya.com\/sv\/wp-json\/wp\/v2\/pages\/23052"}],"collection":[{"href":"https:\/\/windmillpattaya.com\/sv\/wp-json\/wp\/v2\/pages"}],"about":[{"href":"https:\/\/windmillpattaya.com\/sv\/wp-json\/wp\/v2\/types\/page"}],"author":[{"embeddable":true,"href":"https:\/\/windmillpattaya.com\/sv\/wp-json\/wp\/v2\/users\/1"}],"replies":[{"embeddable":true,"href":"https:\/\/windmillpattaya.com\/sv\/wp-json\/wp\/v2\/comments?post=23052"}],"version-history":[{"count":0,"href":"https:\/\/windmillpattaya.com\/sv\/wp-json\/wp\/v2\/pages\/23052\/revisions"}],"wp:attachment":[{"href":"https:\/\/windmillpattaya.com\/sv\/wp-json\/wp\/v2\/media?parent=23052"}],"curies":[{"name":"wp","href":"https:\/\/api.w.org\/{rel}","templated":true}]}}